{"id":1000,"date":"2023-01-27T10:55:26","date_gmt":"2023-01-27T09:55:26","guid":{"rendered":"http:\/\/vssmachinebouw.com\/haendler\/"},"modified":"2023-07-05T14:25:55","modified_gmt":"2023-07-05T12:25:55","slug":"haendler","status":"publish","type":"page","link":"https:\/\/vssmachinebouw.com\/de\/haendler\/","title":{"rendered":"H\u00e4ndler"},"content":{"rendered":"[vc_row type=&#8220;in_container&#8220; full_screen_row_position=&#8220;middle&#8220; column_margin=&#8220;default&#8220; column_direction=&#8220;default&#8220; column_direction_tablet=&#8220;default&#8220; column_direction_phone=&#8220;default&#8220; scene_position=&#8220;center&#8220; text_color=&#8220;dark&#8220; text_align=&#8220;left&#8220; row_border_radius=&#8220;none&#8220; row_border_radius_applies=&#8220;bg&#8220; overflow=&#8220;visible&#8220; overlay_strength=&#8220;0.3&#8243; gradient_direction=&#8220;left_to_right&#8220; shape_divider_position=&#8220;bottom&#8220; bg_image_animation=&#8220;none&#8220;][vc_column column_padding=&#8220;no-extra-padding&#8220; column_padding_tablet=&#8220;inherit&#8220; column_padding_phone=&#8220;inherit&#8220; column_padding_position=&#8220;all&#8220; bottom_margin=&#8220;40px&#8220; column_element_direction_desktop=&#8220;default&#8220; column_element_spacing=&#8220;default&#8220; centered_text=&#8220;true&#8220; desktop_text_alignment=&#8220;center&#8220; tablet_text_alignment=&#8220;default&#8220; phone_text_alignment=&#8220;default&#8220; background_color_opacity=&#8220;1&#8243; background_hover_color_opacity=&#8220;1&#8243; column_backdrop_filter=&#8220;none&#8220; column_shadow=&#8220;none&#8220; column_border_radius=&#8220;none&#8220; column_link_target=&#8220;_self&#8220; column_position=&#8220;default&#8220; gradient_direction=&#8220;left_to_right&#8220; overlay_strength=&#8220;0.3&#8243; width=&#8220;1\/1&#8243; tablet_width_inherit=&#8220;default&#8220; animation_type=&#8220;default&#8220; bg_image_animation=&#8220;none&#8220; border_type=&#8220;simple&#8220; column_border_width=&#8220;none&#8220; column_border_style=&#8220;solid&#8220; column_padding_type=&#8220;default&#8220; gradient_type=&#8220;default&#8220;][vc_column_text]\n<h1 style=\"text-align: left;\">H\u00c4NDLER<\/h1>\n<h3 style=\"text-align: left;\">FINDEN SIE HIER IHREN LOKALEN VSS AGRO UND VSS AMAC H\u00c4NDLER<\/h3>\n<p style=\"text-align: left;\">VSS Machine Construction verf\u00fcgt \u00fcber ein umfangreiches H\u00e4ndlernetz mit mehr als 70 Standorten weltweit. Interessiert an einem <strong><br \/>\n  <a href=\"http:\/\/vssmachinebouw.com\/de\/produkt-kategorie\/vss-agro-de\/\">VSS Agro<\/a><br \/>\n<\/strong> oder <strong><br \/>\n  <a href=\"http:\/\/vssmachinebouw.com\/de\/produkt-kategorie\/vss-amac-de\/\">VSS AMAC<\/a><br \/>\n<\/strong> Landmaschine? Wenden Sie sich f\u00fcr weitere Informationen an Ihren H\u00e4ndler. Verwenden Sie die H\u00e4ndlersuche unten, um den n\u00e4chstgelegenen H\u00e4ndler zu finden. Noch Fragen? Mail an <strong><br \/>\n  <a href=\"mailto:info@vssmachinebouw.com\">info@vssmachinebouw.com<\/a><br \/>\n<\/strong> oder rufen Sie an unter +31 (0)113 567 050.<\/p>\n[\/vc_column_text][\/vc_column][\/vc_row][vc_row type=&#8220;in_container&#8220; full_screen_row_position=&#8220;middle&#8220; column_margin=&#8220;default&#8220; column_direction=&#8220;default&#8220; column_direction_tablet=&#8220;default&#8220; column_direction_phone=&#8220;default&#8220; bg_color=&#8220;#ffffff&#8220; scene_position=&#8220;center&#8220; text_color=&#8220;dark&#8220; text_align=&#8220;left&#8220; row_border_radius=&#8220;none&#8220; row_border_radius_applies=&#8220;bg&#8220; overflow=&#8220;visible&#8220; overlay_strength=&#8220;0.3&#8243; gradient_direction=&#8220;left_to_right&#8220; shape_divider_position=&#8220;bottom&#8220; bg_image_animation=&#8220;none&#8220; gradient_type=&#8220;default&#8220; shape_type=&#8220;&#8220;][vc_column column_padding=&#8220;no-extra-padding&#8220; column_padding_tablet=&#8220;inherit&#8220; column_padding_phone=&#8220;inherit&#8220; column_padding_position=&#8220;all&#8220; column_element_direction_desktop=&#8220;default&#8220; column_element_spacing=&#8220;default&#8220; desktop_text_alignment=&#8220;default&#8220; tablet_text_alignment=&#8220;default&#8220; phone_text_alignment=&#8220;default&#8220; background_color_opacity=&#8220;1&#8243; background_hover_color_opacity=&#8220;1&#8243; column_backdrop_filter=&#8220;none&#8220; column_shadow=&#8220;none&#8220; column_border_radius=&#8220;none&#8220; column_link_target=&#8220;_self&#8220; column_position=&#8220;default&#8220; gradient_direction=&#8220;left_to_right&#8220; overlay_strength=&#8220;0.3&#8243; width=&#8220;1\/1&#8243; tablet_width_inherit=&#8220;default&#8220; animation_type=&#8220;default&#8220; bg_image_animation=&#8220;none&#8220; border_type=&#8220;simple&#8220; column_border_width=&#8220;none&#8220; column_border_style=&#8220;solid&#8220;][nectar_global_section id=&#8220;1894&#8243;][\/vc_column][\/vc_row][vc_row type=&#8220;in_container&#8220; full_screen_row_position=&#8220;middle&#8220; column_margin=&#8220;default&#8220; column_direction=&#8220;default&#8220; column_direction_tablet=&#8220;default&#8220; column_direction_phone=&#8220;default&#8220; scene_position=&#8220;center&#8220; text_color=&#8220;dark&#8220; text_align=&#8220;left&#8220; row_border_radius=&#8220;none&#8220; row_border_radius_applies=&#8220;bg&#8220; overflow=&#8220;visible&#8220; overlay_strength=&#8220;0.3&#8243; gradient_direction=&#8220;left_to_right&#8220; shape_divider_position=&#8220;bottom&#8220; bg_image_animation=&#8220;none&#8220;][vc_column column_padding=&#8220;no-extra-padding&#8220; column_padding_tablet=&#8220;inherit&#8220; column_padding_phone=&#8220;inherit&#8220; column_padding_position=&#8220;all&#8220; column_element_direction_desktop=&#8220;default&#8220; column_element_spacing=&#8220;default&#8220; desktop_text_alignment=&#8220;default&#8220; tablet_text_alignment=&#8220;default&#8220; phone_text_alignment=&#8220;default&#8220; background_color_opacity=&#8220;1&#8243; background_hover_color_opacity=&#8220;1&#8243; column_backdrop_filter=&#8220;none&#8220; column_shadow=&#8220;none&#8220; column_border_radius=&#8220;none&#8220; column_link_target=&#8220;_self&#8220; column_position=&#8220;default&#8220; gradient_direction=&#8220;left_to_right&#8220; overlay_strength=&#8220;0.3&#8243; width=&#8220;1\/1&#8243; tablet_width_inherit=&#8220;default&#8220; animation_type=&#8220;default&#8220; bg_image_animation=&#8220;none&#8220; border_type=&#8220;simple&#8220; column_border_width=&#8220;none&#8220; column_border_style=&#8220;solid&#8220;][\/vc_column][\/vc_row][vc_row type=&#8220;in_container&#8220; full_screen_row_position=&#8220;middle&#8220; column_margin=&#8220;default&#8220; column_direction=&#8220;default&#8220; column_direction_tablet=&#8220;default&#8220; column_direction_phone=&#8220;default&#8220; scene_position=&#8220;center&#8220; text_color=&#8220;dark&#8220; text_align=&#8220;left&#8220; row_border_radius=&#8220;none&#8220; row_border_radius_applies=&#8220;bg&#8220; overflow=&#8220;visible&#8220; overlay_strength=&#8220;0.3&#8243; gradient_direction=&#8220;left_to_right&#8220; shape_divider_position=&#8220;bottom&#8220; bg_image_animation=&#8220;none&#8220;][vc_column column_padding=&#8220;no-extra-padding&#8220; column_padding_tablet=&#8220;inherit&#8220; column_padding_phone=&#8220;inherit&#8220; column_padding_position=&#8220;all&#8220; bottom_margin=&#8220;40px&#8220; column_element_direction_desktop=&#8220;default&#8220; column_element_spacing=&#8220;default&#8220; centered_text=&#8220;true&#8220; desktop_text_alignment=&#8220;center&#8220; tablet_text_alignment=&#8220;default&#8220; phone_text_alignment=&#8220;default&#8220; background_color_opacity=&#8220;1&#8243; background_hover_color_opacity=&#8220;1&#8243; column_backdrop_filter=&#8220;none&#8220; column_shadow=&#8220;none&#8220; column_border_radius=&#8220;none&#8220; column_link_target=&#8220;_self&#8220; column_position=&#8220;default&#8220; gradient_direction=&#8220;left_to_right&#8220; overlay_strength=&#8220;0.3&#8243; width=&#8220;1\/1&#8243; tablet_width_inherit=&#8220;default&#8220; animation_type=&#8220;default&#8220; bg_image_animation=&#8220;none&#8220; border_type=&#8220;simple&#8220; column_border_width=&#8220;none&#8220; column_border_style=&#8220;solid&#8220; column_padding_type=&#8220;default&#8220; gradient_type=&#8220;default&#8220;][vc_column_text]\n<h3><\/h3>\n<h3 style=\"text-align: left;\">SERVICE, WARTUNG UND ERSATZTEILE<\/h3>\n<p style=\"text-align: left;\">F\u00fcr den Service an VSS Agro und VSS AMAC Maschinen k\u00f6nnen Sie sich auch an unsere H\u00e4ndler wenden. Von der Durchf\u00fchrung von Reparaturen bis zur Beratung bei der Wartung sind sie f\u00fcr Sie da!<br \/>\nSie brauchen schnell ein Teil? Rufen Sie das Serviceteam Ihres H\u00e4ndlers vor Ort an, um eine direkte Lieferung ab Lager zu erhalten.<\/p>\n[\/vc_column_text][\/vc_column][\/vc_row]\n","protected":false},"excerpt":{"rendered":"<p>[vc_row type=&#8220;in_container&#8220; full_screen_row_position=&#8220;middle&#8220; column_margin=&#8220;default&#8220; column_direction=&#8220;default&#8220; column_direction_tablet=&#8220;default&#8220; column_direction_phone=&#8220;default&#8220; scene_position=&#8220;center&#8220; text_color=&#8220;dark&#8220; text_align=&#8220;left&#8220; row_border_radius=&#8220;none&#8220; row_border_radius_applies=&#8220;bg&#8220; overflow=&#8220;visible&#8220; overlay_strength=&#8220;0.3&#8243; gradient_direction=&#8220;left_to_right&#8220; shape_divider_position=&#8220;bottom&#8220; bg_image_animation=&#8220;none&#8220;][vc_column column_padding=&#8220;no-extra-padding&#8220; column_padding_tablet=&#8220;inherit&#8220; column_padding_phone=&#8220;inherit&#8220; column_padding_position=&#8220;all&#8220; bottom_margin=&#8220;40px&#8220; column_element_direction_desktop=&#8220;default&#8220; column_element_spacing=&#8220;default&#8220; centered_text=&#8220;true&#8220; desktop_text_alignment=&#8220;center&#8220; tablet_text_alignment=&#8220;default&#8220; phone_text_alignment=&#8220;default&#8220; background_color_opacity=&#8220;1&#8243; background_hover_color_opacity=&#8220;1&#8243;&#8230;<\/p>\n","protected":false},"author":5,"featured_media":0,"parent":0,"menu_order":0,"comment_status":"closed","ping_status":"closed","template":"","meta":{"_joinchat":[],"footnotes":""},"folder":[],"class_list":["post-1000","page","type-page","status-publish"],"yoast_head":"<!-- This site is optimized with the Yoast SEO plugin v27.4 - https:\/\/yoast.com\/product\/yoast-seo-wordpress\/ -->\n<title>H\u00e4ndler VSS Agro und VSS AMAC | %<\/title>\n<meta name=\"description\" content=\"Finden Sie alle VSS Agro und VSS AMAC H\u00e4ndler mit unserer H\u00e4ndlersuche. Mit mehr als 70 VSS Machinery-H\u00e4ndlern weltweit gibt es immer einen in Ihrer N\u00e4he!\" \/>\n<meta name=\"robots\" content=\"index, follow, max-snippet:-1, max-image-preview:large, max-video-preview:-1\" \/>\n<link rel=\"canonical\" href=\"https:\/\/vssmachinebouw.com\/de\/haendler\/\" \/>\n<meta property=\"og:locale\" content=\"de_DE\" \/>\n<meta property=\"og:type\" content=\"article\" \/>\n<meta property=\"og:title\" content=\"H\u00e4ndler VSS Agro und VSS AMAC | %\" \/>\n<meta property=\"og:description\" content=\"Finden Sie alle VSS Agro und VSS AMAC H\u00e4ndler mit unserer H\u00e4ndlersuche. Mit mehr als 70 VSS Machinery-H\u00e4ndlern weltweit gibt es immer einen in Ihrer N\u00e4he!\" \/>\n<meta property=\"og:url\" content=\"https:\/\/vssmachinebouw.com\/de\/haendler\/\" \/>\n<meta property=\"og:site_name\" content=\"VSS Machinebouw\" \/>\n<meta property=\"article:publisher\" content=\"https:\/\/www.facebook.com\/vssmachinebouw\" \/>\n<meta property=\"article:modified_time\" content=\"2023-07-05T12:25:55+00:00\" \/>\n<meta name=\"twitter:card\" content=\"summary_large_image\" \/>\n<meta name=\"twitter:label1\" content=\"Gesch\u00e4tzte Lesezeit\" \/>\n\t<meta name=\"twitter:data1\" content=\"4\u00a0Minuten\" \/>\n<script type=\"application\/ld+json\" class=\"yoast-schema-graph\">{\"@context\":\"https:\\\/\\\/schema.org\",\"@graph\":[{\"@type\":\"WebPage\",\"@id\":\"https:\\\/\\\/vssmachinebouw.com\\\/de\\\/haendler\\\/\",\"url\":\"https:\\\/\\\/vssmachinebouw.com\\\/de\\\/haendler\\\/\",\"name\":\"H\u00e4ndler VSS Agro und VSS AMAC | %\",\"isPartOf\":{\"@id\":\"\\\/#website\"},\"datePublished\":\"2023-01-27T09:55:26+00:00\",\"dateModified\":\"2023-07-05T12:25:55+00:00\",\"description\":\"Finden Sie alle VSS Agro und VSS AMAC H\u00e4ndler mit unserer H\u00e4ndlersuche. Mit mehr als 70 VSS Machinery-H\u00e4ndlern weltweit gibt es immer einen in Ihrer N\u00e4he!\",\"breadcrumb\":{\"@id\":\"https:\\\/\\\/vssmachinebouw.com\\\/de\\\/haendler\\\/#breadcrumb\"},\"inLanguage\":\"de\",\"potentialAction\":[{\"@type\":\"ReadAction\",\"target\":[\"https:\\\/\\\/vssmachinebouw.com\\\/de\\\/haendler\\\/\"]}]},{\"@type\":\"BreadcrumbList\",\"@id\":\"https:\\\/\\\/vssmachinebouw.com\\\/de\\\/haendler\\\/#breadcrumb\",\"itemListElement\":[{\"@type\":\"ListItem\",\"position\":1,\"name\":\"Home\",\"item\":\"https:\\\/\\\/vssmachinebouw.com\\\/de\\\/\"},{\"@type\":\"ListItem\",\"position\":2,\"name\":\"H\u00e4ndler\"}]},{\"@type\":\"WebSite\",\"@id\":\"\\\/#website\",\"url\":\"\\\/\",\"name\":\"VSS Machinebouw\",\"description\":\"Specialist in grondbewerking en oogsttechniek\",\"potentialAction\":[{\"@type\":\"SearchAction\",\"target\":{\"@type\":\"EntryPoint\",\"urlTemplate\":\"\\\/?s={search_term_string}\"},\"query-input\":{\"@type\":\"PropertyValueSpecification\",\"valueRequired\":true,\"valueName\":\"search_term_string\"}}],\"inLanguage\":\"de\"}]}<\/script>\n<!-- \/ Yoast SEO plugin. -->","yoast_head_json":{"title":"H\u00e4ndler VSS Agro und VSS AMAC | %","description":"Finden Sie alle VSS Agro und VSS AMAC H\u00e4ndler mit unserer H\u00e4ndlersuche. Mit mehr als 70 VSS Machinery-H\u00e4ndlern weltweit gibt es immer einen in Ihrer N\u00e4he!","robots":{"index":"index","follow":"follow","max-snippet":"max-snippet:-1","max-image-preview":"max-image-preview:large","max-video-preview":"max-video-preview:-1"},"canonical":"https:\/\/vssmachinebouw.com\/de\/haendler\/","og_locale":"de_DE","og_type":"article","og_title":"H\u00e4ndler VSS Agro und VSS AMAC | %","og_description":"Finden Sie alle VSS Agro und VSS AMAC H\u00e4ndler mit unserer H\u00e4ndlersuche. Mit mehr als 70 VSS Machinery-H\u00e4ndlern weltweit gibt es immer einen in Ihrer N\u00e4he!","og_url":"https:\/\/vssmachinebouw.com\/de\/haendler\/","og_site_name":"VSS Machinebouw","article_publisher":"https:\/\/www.facebook.com\/vssmachinebouw","article_modified_time":"2023-07-05T12:25:55+00:00","twitter_card":"summary_large_image","twitter_misc":{"Gesch\u00e4tzte Lesezeit":"4\u00a0Minuten"},"schema":{"@context":"https:\/\/schema.org","@graph":[{"@type":"WebPage","@id":"https:\/\/vssmachinebouw.com\/de\/haendler\/","url":"https:\/\/vssmachinebouw.com\/de\/haendler\/","name":"H\u00e4ndler VSS Agro und VSS AMAC | %","isPartOf":{"@id":"\/#website"},"datePublished":"2023-01-27T09:55:26+00:00","dateModified":"2023-07-05T12:25:55+00:00","description":"Finden Sie alle VSS Agro und VSS AMAC H\u00e4ndler mit unserer H\u00e4ndlersuche. Mit mehr als 70 VSS Machinery-H\u00e4ndlern weltweit gibt es immer einen in Ihrer N\u00e4he!","breadcrumb":{"@id":"https:\/\/vssmachinebouw.com\/de\/haendler\/#breadcrumb"},"inLanguage":"de","potentialAction":[{"@type":"ReadAction","target":["https:\/\/vssmachinebouw.com\/de\/haendler\/"]}]},{"@type":"BreadcrumbList","@id":"https:\/\/vssmachinebouw.com\/de\/haendler\/#breadcrumb","itemListElement":[{"@type":"ListItem","position":1,"name":"Home","item":"https:\/\/vssmachinebouw.com\/de\/"},{"@type":"ListItem","position":2,"name":"H\u00e4ndler"}]},{"@type":"WebSite","@id":"\/#website","url":"\/","name":"VSS Machinebouw","description":"Specialist in grondbewerking en oogsttechniek","potentialAction":[{"@type":"SearchAction","target":{"@type":"EntryPoint","urlTemplate":"\/?s={search_term_string}"},"query-input":{"@type":"PropertyValueSpecification","valueRequired":true,"valueName":"search_term_string"}}],"inLanguage":"de"}]}},"_links":{"self":[{"href":"https:\/\/vssmachinebouw.com\/de\/wp-json\/wp\/v2\/pages\/1000","targetHints":{"allow":["GET"]}}],"collection":[{"href":"https:\/\/vssmachinebouw.com\/de\/wp-json\/wp\/v2\/pages"}],"about":[{"href":"https:\/\/vssmachinebouw.com\/de\/wp-json\/wp\/v2\/types\/page"}],"author":[{"embeddable":true,"href":"https:\/\/vssmachinebouw.com\/de\/wp-json\/wp\/v2\/users\/5"}],"replies":[{"embeddable":true,"href":"https:\/\/vssmachinebouw.com\/de\/wp-json\/wp\/v2\/comments?post=1000"}],"version-history":[{"count":0,"href":"https:\/\/vssmachinebouw.com\/de\/wp-json\/wp\/v2\/pages\/1000\/revisions"}],"wp:attachment":[{"href":"https:\/\/vssmachinebouw.com\/de\/wp-json\/wp\/v2\/media?parent=1000"}],"wp:term":[{"taxonomy":"folder","embeddable":true,"href":"https:\/\/vssmachinebouw.com\/de\/wp-json\/wp\/v2\/folder?post=1000"}],"curies":[{"name":"wp","href":"https:\/\/api.w.org\/{rel}","templated":true}]}}