{"id":8133,"date":"2023-07-04T10:09:54","date_gmt":"2023-07-04T08:09:54","guid":{"rendered":"http:\/\/vssmachinebouw.com\/erklaerung-zum-datenschutz\/"},"modified":"2023-07-05T08:54:18","modified_gmt":"2023-07-05T06:54:18","slug":"erklaerung-zum-datenschutz","status":"publish","type":"page","link":"https:\/\/vssmachinebouw.com\/de\/erklaerung-zum-datenschutz\/","title":{"rendered":"Erkl\u00e4rung zum Datenschutz"},"content":{"rendered":"[vc_row type=&#8220;in_container&#8220; full_screen_row_position=&#8220;middle&#8220; column_margin=&#8220;default&#8220; column_direction=&#8220;default&#8220; column_direction_tablet=&#8220;default&#8220; column_direction_phone=&#8220;default&#8220; scene_position=&#8220;center&#8220; text_color=&#8220;dark&#8220; text_align=&#8220;left&#8220; row_border_radius=&#8220;none&#8220; row_border_radius_applies=&#8220;bg&#8220; overflow=&#8220;visible&#8220; overlay_strength=&#8220;0.3&#8243; gradient_direction=&#8220;left_to_right&#8220; shape_divider_position=&#8220;bottom&#8220; bg_image_animation=&#8220;none&#8220; gradient_type=&#8220;default&#8220; shape_type=&#8220;&#8220;][vc_column column_padding=&#8220;no-extra-padding&#8220; column_padding_tablet=&#8220;inherit&#8220; column_padding_phone=&#8220;inherit&#8220; column_padding_position=&#8220;all&#8220; column_element_direction_desktop=&#8220;default&#8220; column_element_spacing=&#8220;default&#8220; desktop_text_alignment=&#8220;default&#8220; tablet_text_alignment=&#8220;default&#8220; phone_text_alignment=&#8220;default&#8220; background_color_opacity=&#8220;1&#8243; background_hover_color_opacity=&#8220;1&#8243; column_backdrop_filter=&#8220;none&#8220; column_shadow=&#8220;none&#8220; column_border_radius=&#8220;none&#8220; column_link_target=&#8220;_self&#8220; column_position=&#8220;default&#8220; gradient_direction=&#8220;left_to_right&#8220; overlay_strength=&#8220;0.3&#8243; width=&#8220;1\/6&#8243; tablet_width_inherit=&#8220;default&#8220; animation_type=&#8220;default&#8220; bg_image_animation=&#8220;none&#8220; border_type=&#8220;simple&#8220; column_border_width=&#8220;none&#8220; column_border_style=&#8220;solid&#8220; column_padding_type=&#8220;default&#8220; gradient_type=&#8220;default&#8220;][\/vc_column][vc_column column_padding=&#8220;no-extra-padding&#8220; column_padding_tablet=&#8220;inherit&#8220; column_padding_phone=&#8220;inherit&#8220; column_padding_position=&#8220;all&#8220; column_element_direction_desktop=&#8220;default&#8220; column_element_spacing=&#8220;default&#8220; desktop_text_alignment=&#8220;default&#8220; tablet_text_alignment=&#8220;default&#8220; phone_text_alignment=&#8220;default&#8220; background_color_opacity=&#8220;1&#8243; background_hover_color_opacity=&#8220;1&#8243; column_backdrop_filter=&#8220;none&#8220; column_shadow=&#8220;none&#8220; column_border_radius=&#8220;none&#8220; column_link_target=&#8220;_self&#8220; column_position=&#8220;default&#8220; gradient_direction=&#8220;left_to_right&#8220; overlay_strength=&#8220;0.3&#8243; width=&#8220;2\/3&#8243; tablet_width_inherit=&#8220;default&#8220; animation_type=&#8220;default&#8220; bg_image_animation=&#8220;none&#8220; border_type=&#8220;simple&#8220; column_border_width=&#8220;none&#8220; column_border_style=&#8220;solid&#8220;][divider line_type=&#8220;No Line&#8220;][vc_column_text]\n<h1>ERKL\u00c4RUNG ZUM DATENSCHUTZ<\/h1>\n<h3>ERHEBUNG UND VERWENDUNG PERSONENBEZOGENER DATEN VON KUNDEN, LIEFERANTEN UND ANDEREN VERTRAGSPARTNERN<\/h3>\n<p>Bitte beachten Sie, dass wir die personenbezogenen Daten, die Sie uns zur Verf\u00fcgung stellen, erheben und verwenden, weil sie f\u00fcr den Abschluss und die Durchf\u00fchrung eines Vertrags mit Ihnen erforderlich sind. Dies gilt sowohl f\u00fcr unsere (potenziellen) Kunden als auch f\u00fcr die Parteien, von denen wir Gesch\u00e4fte und\/oder Dienstleistungen kaufen.<\/p>\n<p>&nbsp;<\/p>\n<p>Wenn Sie ein (potenzieller) Kunde von uns sind, verwenden wir Ihre Daten, um Ihnen ein Angebot zu unterbreiten, um festzustellen, welche Spezifikationen oder W\u00fcnsche ein bestimmter Artikel oder eine bestimmte Dienstleistung erf\u00fcllen sollte, um Ihnen Waren zu liefern oder Arbeiten auszuf\u00fchren, um Ihnen Rechnungen zu stellen und um mit Ihnen reibungslos und effizient \u00fcber die Ausf\u00fchrung des Vertrags zu kommunizieren.<\/p>\n<p>&nbsp;<\/p>\n<p>Wenn Sie ein (potenzieller) Lieferant oder sonstiger Auftragnehmer sind, sind Ihre personenbezogenen Daten auch f\u00fcr den Abschluss und die Durchf\u00fchrung des Vertrags erforderlich. Im Beschaffungswesen ist dies notwendig, um Ihnen mitzuteilen, welche Spezifikationen oder Anforderungen ein bestimmter Artikel oder eine bestimmte Dienstleistung aus unserer Sicht erf\u00fcllen muss, um Ihnen ein Angebot zu unterbreiten oder eine Bestellung bei Ihnen aufzugeben, um Ihre Rechnungen zu bezahlen und um mit Ihnen reibungslos und effizient \u00fcber andere Aspekte der Vereinbarung zu kommunizieren.<\/p>\n<p>&nbsp;<\/p>\n<p>Sie sind nicht verpflichtet, uns Ihre pers\u00f6nlichen Daten mitzuteilen. Wenn Sie uns jedoch keine oder nur unzureichende personenbezogene Daten zur Verf\u00fcgung stellen, sind wir m\u00f6glicherweise nicht in der Lage, die vorgenannten T\u00e4tigkeiten auszuf\u00fchren.<\/p>\n<p><strong> <\/strong><\/p>\n<h3>\u00dcBERMITTLUNG AN DRITTE<\/h3>\n<p>Im Zusammenhang mit der Erf\u00fcllung eines Vertrags mit Ihnen kann es erforderlich sein, dass wir Ihre personenbezogenen Daten an Parteien weitergeben, die uns mit Teilen, Materialien und Produkten beliefern oder Arbeiten in unserem Auftrag ausf\u00fchren. Dar\u00fcber hinaus verwenden wir gut gesicherten internen Serverraum, um (Teile) unserer Verkaufs- und Kaufunterlagen zu speichern, die Ihre pers\u00f6nlichen Daten enthalten. Au\u00dferdem verwenden wir Microsoft Office und dessen Speicherm\u00f6glichkeiten f\u00fcr E-Mails und andere Dateien. Selbstverst\u00e4ndlich behandeln wir Ihre Daten vertraulich und ver\u00f6ffentlichen sie nicht.<\/p>\n<p>&nbsp;<\/p>\n<h3>DIREKTMARKETING<\/h3>\n<p>Wenn Sie regelm\u00e4\u00dfig bei uns bestellen, speichern und verwenden wir die von Ihnen angegebenen personenbezogenen Daten, um Sie k\u00fcnftig pers\u00f6nlich per E-Mail \u00fcber unsere bestehenden und neuen Produkte und Dienstleistungen zu informieren und Ihnen ggf. ein Angebot daf\u00fcr zu machen. Wir haben ein berechtigtes Interesse an der Verwendung Ihrer personenbezogenen Daten zu diesem Zweck, n\u00e4mlich der Vermarktung unserer Produkte und Dienstleistungen. Jedes Mal, wenn wir Ihnen eine Werbesendung schicken, haben Sie die M\u00f6glichkeit, uns mitzuteilen, dass Sie diese nicht mehr erhalten m\u00f6chten. Siehe dazu den Link zum Abbestellen am Ende jedes Mailings.<\/p>\n<p>Wenn Sie einmalig Kunde bei uns sind, senden wir Ihnen nur dann Werbebotschaften zu, wenn Sie uns zuvor Ihre Zustimmung gegeben haben.<\/p>\n<p><strong> <\/strong><\/p>\n<h3>AUFBEWAHRUNGSFRIST F\u00dcR PERSONENBEZOGENE DATEN<\/h3>\n<p>Wenn Sie ein Angebot bei uns angefordert haben, aber nicht Kunde bei uns geworden sind, werden wir Ihre Daten sp\u00e4testens ein Jahr nach unserem letzten Kontakt l\u00f6schen. Auch wenn wir ein Angebot von Ihnen erhalten haben, aber nicht Ihr Kunde geworden sind, werden Ihre personenbezogenen Daten sp\u00e4testens ein Jahr nach unserem letzten Kontakt gel\u00f6scht. Wenn Sie bei uns Kunde geworden sind oder wir bei Ihnen, bewahren wir Ihre personenbezogenen Daten f\u00fcr sieben Jahre nach Ablauf des Gesch\u00e4ftsjahres auf, in dem der Vertrag mit Ihnen vollst\u00e4ndig ausgef\u00fchrt wurde. Der Zeitraum von sieben Jahren entspricht dem Zeitraum, in dem wir verpflichtet sind, unsere Aufzeichnungen f\u00fcr die Steuerbeh\u00f6rden aufzubewahren. Nach Ablauf dieses Zeitraums werden wir Ihre personenbezogenen Daten l\u00f6schen.<\/p>\n<p>&nbsp;<\/p>\n<h3>COOKIES<\/h3>\n<p>Die Website von VSS Machinebouw verwendet Cookies. Ein Cookie ist eine kleine Datei, die von Ihrem Browser auf Ihrem Computer gespeichert wird, wenn Sie unsere Website besuchen. Bei Ihrem n\u00e4chsten Besuch auf der Website werden Sie von Ihrem eigenen Browser erkannt.<\/p>\n<p>&nbsp;<\/p>\n<p>Es gibt verschiedene Arten von Cookies, die wir auf dieser Website verwenden:<\/p>\n<p>&nbsp;<\/p>\n<p><strong>Erforderliche Cookies<\/strong><br \/>\nDiese Cookies sind f\u00fcr die grundlegenden Funktionen dieser Website unerl\u00e4sslich, und ohne sie wird die Website nicht wie vorgesehen funktionieren. Voreinstellungen wie z.B. die Spracheinstellungen k\u00f6nnen nicht gespeichert werden. Diese Cookies speichern keine pers\u00f6nlich identifizierbaren Daten.<\/p>\n<p>&nbsp;<\/p>\n<p><strong>Funktionale Cookies<\/strong><br \/>\nFunktionale Cookies helfen dabei, bestimmte Funktionen auszuf\u00fchren, wie z. B. das Teilen unserer Website-Inhalte auf Social-Media-Plattformen, das Sammeln von Feedback und andere Funktionen von Dritten.<\/p>\n<p>&nbsp;<\/p>\n<p><strong>Analytische Cookies<br \/>\n<\/strong>Die Cookies, die wir verwenden, um zu verstehen, wie Besucher mit unserer Website interagieren. Diese Cookies liefern Informationen \u00fcber die Anzahl der Besucher, die Absprungrate, die Verkehrsquelle usw.<\/p>\n<p>&nbsp;<\/p>\n<p><strong>Tracking-\/Werbe-Cookies<\/strong><br \/>\nDies sind Cookies, die das Verhalten einzelner Website-Besucher verfolgen. Dabei wird ein Profil des Besuchers erstellt. Auf dieser Grundlage k\u00f6nnen wir Ihnen personalisierte Werbung anbieten, von der wir glauben, dass sie f\u00fcr Sie von Interesse ist, und wir k\u00f6nnen die Wirksamkeit der Werbekampagne analysieren.<\/p>\n<p>&nbsp;<\/p>\n<p>Wir verwenden Cookies, um Ihr Surferlebnis zu verbessern, personalisierte Werbung oder Inhalte anzuzeigen und unseren Datenverkehr zu analysieren. Wenn Sie auf &#8222;Alle akzeptieren&#8220; klicken oder diese Website weiter nutzen, stimmen Sie zu, dass alle Cookies gesetzt werden, wenn Sie diese Website besuchen.<\/p>\n<p>&nbsp;<\/p>\n<h3>IHRE RECHTE<\/h3>\n<p>Sie haben das Recht, uns um Zugang zu Ihren pers\u00f6nlichen Daten zu bitten. In begr\u00fcndeten F\u00e4llen k\u00f6nnen Sie uns auch auffordern, Ihre personenbezogenen Daten zu erg\u00e4nzen oder Ungenauigkeiten zu berichtigen. Dar\u00fcber hinaus haben Sie das Recht, die L\u00f6schung Ihrer personenbezogenen Daten oder die Einschr\u00e4nkung der Verwendung Ihrer personenbezogenen Daten zu verlangen. Schlie\u00dflich k\u00f6nnen Sie von uns verlangen, dass wir Ihre personenbezogenen Daten erhalten oder sie an eine andere Person weitergeben. Um Ihre Rechte wahrzunehmen, wenden Sie sich bitte an:<\/p>\n<p><strong>VSS Machinebouw BV<br \/>\nOvezandseweg 6a<br \/>\n<\/strong><strong>4436 RE Oudelande<br \/>\nNiederlande<\/strong><\/p>\n<p>&nbsp;<\/p>\n<p>oder per E-Mail: <a href=\"mailto:administratie@vssmachinebouw.com\"><br \/>\n  <strong>administratie@vssmachinebouw.com<\/strong><br \/>\n<\/a>.<\/p>\n<p>&nbsp;<\/p>\n<p>Auch bei Fragen oder f\u00fcr weitere Informationen \u00fcber die Erhebung und Verwendung Ihrer pers\u00f6nlichen Daten k\u00f6nnen Sie uns selbstverst\u00e4ndlich kontaktieren unter <a href=\"tel:+31113567050\"><br \/>\n  <strong>+31 113 &#8211; 567 050<\/strong><br \/>\n<\/a>.[\/vc_column_text][divider line_type=&#8220;No Line&#8220;][\/vc_column][vc_column column_padding=&#8220;no-extra-padding&#8220; column_padding_tablet=&#8220;inherit&#8220; column_padding_phone=&#8220;inherit&#8220; column_padding_position=&#8220;all&#8220; column_element_direction_desktop=&#8220;default&#8220; column_element_spacing=&#8220;default&#8220; desktop_text_alignment=&#8220;default&#8220; tablet_text_alignment=&#8220;default&#8220; phone_text_alignment=&#8220;default&#8220; background_color_opacity=&#8220;1&#8243; background_hover_color_opacity=&#8220;1&#8243; column_backdrop_filter=&#8220;none&#8220; column_shadow=&#8220;none&#8220; column_border_radius=&#8220;none&#8220; column_link_target=&#8220;_self&#8220; column_position=&#8220;default&#8220; gradient_direction=&#8220;left_to_right&#8220; overlay_strength=&#8220;0.3&#8243; width=&#8220;1\/6&#8243; tablet_width_inherit=&#8220;default&#8220; animation_type=&#8220;default&#8220; bg_image_animation=&#8220;none&#8220; border_type=&#8220;simple&#8220; column_border_width=&#8220;none&#8220; column_border_style=&#8220;solid&#8220;][\/vc_column][\/vc_row]\n","protected":false},"excerpt":{"rendered":"<p>[vc_row type=&#8220;in_container&#8220; full_screen_row_position=&#8220;middle&#8220; column_margin=&#8220;default&#8220; column_direction=&#8220;default&#8220; column_direction_tablet=&#8220;default&#8220; column_direction_phone=&#8220;default&#8220; scene_position=&#8220;center&#8220; text_color=&#8220;dark&#8220; text_align=&#8220;left&#8220; row_border_radius=&#8220;none&#8220; row_border_radius_applies=&#8220;bg&#8220; overflow=&#8220;visible&#8220; overlay_strength=&#8220;0.3&#8243; gradient_direction=&#8220;left_to_right&#8220; shape_divider_position=&#8220;bottom&#8220; bg_image_animation=&#8220;none&#8220; gradient_type=&#8220;default&#8220; shape_type=&#8220;&#8220;][vc_column column_padding=&#8220;no-extra-padding&#8220; column_padding_tablet=&#8220;inherit&#8220; column_padding_phone=&#8220;inherit&#8220; column_padding_position=&#8220;all&#8220; column_element_direction_desktop=&#8220;default&#8220; column_element_spacing=&#8220;default&#8220; desktop_text_alignment=&#8220;default&#8220; tablet_text_alignment=&#8220;default&#8220; phone_text_alignment=&#8220;default&#8220; background_color_opacity=&#8220;1&#8243; background_hover_color_opacity=&#8220;1&#8243;&#8230;<\/p>\n","protected":false},"author":5,"featured_media":0,"parent":0,"menu_order":1,"comment_status":"closed","ping_status":"closed","template":"","meta":{"_joinchat":[],"footnotes":""},"folder":[],"class_list":["post-8133","page","type-page","status-publish"],"yoast_head":"<!-- This site is optimized with the Yoast SEO plugin v27.4 - https:\/\/yoast.com\/product\/yoast-seo-wordpress\/ -->\n<title>Erkl\u00e4rung zum Datenschutz | VSS Machinebouw<\/title>\n<meta name=\"description\" content=\"Datenschutzerkl\u00e4rung von VSS Machinebouw bez\u00fcglich der Erfassung und Verwendung pers\u00f6nlicher Daten von Kunden, Lieferanten und anderen Auftragnehmern.\" \/>\n<meta name=\"robots\" content=\"index, follow, max-snippet:-1, max-image-preview:large, max-video-preview:-1\" \/>\n<link rel=\"canonical\" href=\"https:\/\/vssmachinebouw.com\/de\/erklaerung-zum-datenschutz\/\" \/>\n<meta property=\"og:locale\" content=\"de_DE\" \/>\n<meta property=\"og:type\" content=\"article\" \/>\n<meta property=\"og:title\" content=\"Erkl\u00e4rung zum Datenschutz | VSS Machinebouw\" \/>\n<meta property=\"og:description\" content=\"Datenschutzerkl\u00e4rung von VSS Machinebouw bez\u00fcglich der Erfassung und Verwendung pers\u00f6nlicher Daten von Kunden, Lieferanten und anderen Auftragnehmern.\" \/>\n<meta property=\"og:url\" content=\"https:\/\/vssmachinebouw.com\/de\/erklaerung-zum-datenschutz\/\" \/>\n<meta property=\"og:site_name\" content=\"VSS Machinebouw\" \/>\n<meta property=\"article:publisher\" content=\"https:\/\/www.facebook.com\/vssmachinebouw\" \/>\n<meta property=\"article:modified_time\" content=\"2023-07-05T06:54:18+00:00\" \/>\n<meta name=\"twitter:card\" content=\"summary_large_image\" \/>\n<meta name=\"twitter:label1\" content=\"Gesch\u00e4tzte Lesezeit\" \/>\n\t<meta name=\"twitter:data1\" content=\"7\u00a0Minuten\" \/>\n<script type=\"application\/ld+json\" class=\"yoast-schema-graph\">{\"@context\":\"https:\\\/\\\/schema.org\",\"@graph\":[{\"@type\":\"WebPage\",\"@id\":\"https:\\\/\\\/vssmachinebouw.com\\\/de\\\/erklaerung-zum-datenschutz\\\/\",\"url\":\"https:\\\/\\\/vssmachinebouw.com\\\/de\\\/erklaerung-zum-datenschutz\\\/\",\"name\":\"Erkl\u00e4rung zum Datenschutz | VSS Machinebouw\",\"isPartOf\":{\"@id\":\"\\\/#website\"},\"datePublished\":\"2023-07-04T08:09:54+00:00\",\"dateModified\":\"2023-07-05T06:54:18+00:00\",\"description\":\"Datenschutzerkl\u00e4rung von VSS Machinebouw bez\u00fcglich der Erfassung und Verwendung pers\u00f6nlicher Daten von Kunden, Lieferanten und anderen Auftragnehmern.\",\"breadcrumb\":{\"@id\":\"https:\\\/\\\/vssmachinebouw.com\\\/de\\\/erklaerung-zum-datenschutz\\\/#breadcrumb\"},\"inLanguage\":\"de\",\"potentialAction\":[{\"@type\":\"ReadAction\",\"target\":[\"https:\\\/\\\/vssmachinebouw.com\\\/de\\\/erklaerung-zum-datenschutz\\\/\"]}]},{\"@type\":\"BreadcrumbList\",\"@id\":\"https:\\\/\\\/vssmachinebouw.com\\\/de\\\/erklaerung-zum-datenschutz\\\/#breadcrumb\",\"itemListElement\":[{\"@type\":\"ListItem\",\"position\":1,\"name\":\"Home\",\"item\":\"https:\\\/\\\/vssmachinebouw.com\\\/de\\\/\"},{\"@type\":\"ListItem\",\"position\":2,\"name\":\"Erkl\u00e4rung zum Datenschutz\"}]},{\"@type\":\"WebSite\",\"@id\":\"\\\/#website\",\"url\":\"\\\/\",\"name\":\"VSS Machinebouw\",\"description\":\"Specialist in grondbewerking en oogsttechniek\",\"potentialAction\":[{\"@type\":\"SearchAction\",\"target\":{\"@type\":\"EntryPoint\",\"urlTemplate\":\"\\\/?s={search_term_string}\"},\"query-input\":{\"@type\":\"PropertyValueSpecification\",\"valueRequired\":true,\"valueName\":\"search_term_string\"}}],\"inLanguage\":\"de\"}]}<\/script>\n<!-- \/ Yoast SEO plugin. -->","yoast_head_json":{"title":"Erkl\u00e4rung zum Datenschutz | VSS Machinebouw","description":"Datenschutzerkl\u00e4rung von VSS Machinebouw bez\u00fcglich der Erfassung und Verwendung pers\u00f6nlicher Daten von Kunden, Lieferanten und anderen Auftragnehmern.","robots":{"index":"index","follow":"follow","max-snippet":"max-snippet:-1","max-image-preview":"max-image-preview:large","max-video-preview":"max-video-preview:-1"},"canonical":"https:\/\/vssmachinebouw.com\/de\/erklaerung-zum-datenschutz\/","og_locale":"de_DE","og_type":"article","og_title":"Erkl\u00e4rung zum Datenschutz | VSS Machinebouw","og_description":"Datenschutzerkl\u00e4rung von VSS Machinebouw bez\u00fcglich der Erfassung und Verwendung pers\u00f6nlicher Daten von Kunden, Lieferanten und anderen Auftragnehmern.","og_url":"https:\/\/vssmachinebouw.com\/de\/erklaerung-zum-datenschutz\/","og_site_name":"VSS Machinebouw","article_publisher":"https:\/\/www.facebook.com\/vssmachinebouw","article_modified_time":"2023-07-05T06:54:18+00:00","twitter_card":"summary_large_image","twitter_misc":{"Gesch\u00e4tzte Lesezeit":"7\u00a0Minuten"},"schema":{"@context":"https:\/\/schema.org","@graph":[{"@type":"WebPage","@id":"https:\/\/vssmachinebouw.com\/de\/erklaerung-zum-datenschutz\/","url":"https:\/\/vssmachinebouw.com\/de\/erklaerung-zum-datenschutz\/","name":"Erkl\u00e4rung zum Datenschutz | VSS Machinebouw","isPartOf":{"@id":"\/#website"},"datePublished":"2023-07-04T08:09:54+00:00","dateModified":"2023-07-05T06:54:18+00:00","description":"Datenschutzerkl\u00e4rung von VSS Machinebouw bez\u00fcglich der Erfassung und Verwendung pers\u00f6nlicher Daten von Kunden, Lieferanten und anderen Auftragnehmern.","breadcrumb":{"@id":"https:\/\/vssmachinebouw.com\/de\/erklaerung-zum-datenschutz\/#breadcrumb"},"inLanguage":"de","potentialAction":[{"@type":"ReadAction","target":["https:\/\/vssmachinebouw.com\/de\/erklaerung-zum-datenschutz\/"]}]},{"@type":"BreadcrumbList","@id":"https:\/\/vssmachinebouw.com\/de\/erklaerung-zum-datenschutz\/#breadcrumb","itemListElement":[{"@type":"ListItem","position":1,"name":"Home","item":"https:\/\/vssmachinebouw.com\/de\/"},{"@type":"ListItem","position":2,"name":"Erkl\u00e4rung zum Datenschutz"}]},{"@type":"WebSite","@id":"\/#website","url":"\/","name":"VSS Machinebouw","description":"Specialist in grondbewerking en oogsttechniek","potentialAction":[{"@type":"SearchAction","target":{"@type":"EntryPoint","urlTemplate":"\/?s={search_term_string}"},"query-input":{"@type":"PropertyValueSpecification","valueRequired":true,"valueName":"search_term_string"}}],"inLanguage":"de"}]}},"_links":{"self":[{"href":"https:\/\/vssmachinebouw.com\/de\/wp-json\/wp\/v2\/pages\/8133","targetHints":{"allow":["GET"]}}],"collection":[{"href":"https:\/\/vssmachinebouw.com\/de\/wp-json\/wp\/v2\/pages"}],"about":[{"href":"https:\/\/vssmachinebouw.com\/de\/wp-json\/wp\/v2\/types\/page"}],"author":[{"embeddable":true,"href":"https:\/\/vssmachinebouw.com\/de\/wp-json\/wp\/v2\/users\/5"}],"replies":[{"embeddable":true,"href":"https:\/\/vssmachinebouw.com\/de\/wp-json\/wp\/v2\/comments?post=8133"}],"version-history":[{"count":0,"href":"https:\/\/vssmachinebouw.com\/de\/wp-json\/wp\/v2\/pages\/8133\/revisions"}],"wp:attachment":[{"href":"https:\/\/vssmachinebouw.com\/de\/wp-json\/wp\/v2\/media?parent=8133"}],"wp:term":[{"taxonomy":"folder","embeddable":true,"href":"https:\/\/vssmachinebouw.com\/de\/wp-json\/wp\/v2\/folder?post=8133"}],"curies":[{"name":"wp","href":"https:\/\/api.w.org\/{rel}","templated":true}]}}