{"id":8218,"date":"2023-07-04T10:42:28","date_gmt":"2023-07-04T08:42:28","guid":{"rendered":"http:\/\/vssmachinebouw.com\/allgemeine-bedingungen-und-konditionen\/"},"modified":"2023-07-05T09:31:10","modified_gmt":"2023-07-05T07:31:10","slug":"allgemeine-bedingungen-und-konditionen","status":"publish","type":"page","link":"https:\/\/vssmachinebouw.com\/de\/allgemeine-bedingungen-und-konditionen\/","title":{"rendered":"Allgemeine Bedingungen und Konditionen"},"content":{"rendered":"[vc_row type=&#8220;in_container&#8220; full_screen_row_position=&#8220;middle&#8220; column_margin=&#8220;default&#8220; column_direction=&#8220;default&#8220; column_direction_tablet=&#8220;default&#8220; column_direction_phone=&#8220;default&#8220; scene_position=&#8220;center&#8220; text_color=&#8220;dark&#8220; text_align=&#8220;left&#8220; row_border_radius=&#8220;none&#8220; row_border_radius_applies=&#8220;bg&#8220; overflow=&#8220;visible&#8220; overlay_strength=&#8220;0.3&#8243; gradient_direction=&#8220;left_to_right&#8220; shape_divider_position=&#8220;bottom&#8220; bg_image_animation=&#8220;none&#8220; gradient_type=&#8220;default&#8220; shape_type=&#8220;&#8220;][vc_column column_padding=&#8220;no-extra-padding&#8220; column_padding_tablet=&#8220;inherit&#8220; column_padding_phone=&#8220;inherit&#8220; column_padding_position=&#8220;all&#8220; column_element_direction_desktop=&#8220;default&#8220; column_element_spacing=&#8220;default&#8220; desktop_text_alignment=&#8220;default&#8220; tablet_text_alignment=&#8220;default&#8220; phone_text_alignment=&#8220;default&#8220; background_color_opacity=&#8220;1&#8243; background_hover_color_opacity=&#8220;1&#8243; column_backdrop_filter=&#8220;none&#8220; column_shadow=&#8220;none&#8220; column_border_radius=&#8220;none&#8220; column_link_target=&#8220;_self&#8220; column_position=&#8220;default&#8220; gradient_direction=&#8220;left_to_right&#8220; overlay_strength=&#8220;0.3&#8243; width=&#8220;1\/6&#8243; tablet_width_inherit=&#8220;default&#8220; animation_type=&#8220;default&#8220; bg_image_animation=&#8220;none&#8220; border_type=&#8220;simple&#8220; column_border_width=&#8220;none&#8220; column_border_style=&#8220;solid&#8220; column_padding_type=&#8220;default&#8220; gradient_type=&#8220;default&#8220;][\/vc_column][vc_column column_padding=&#8220;no-extra-padding&#8220; column_padding_tablet=&#8220;inherit&#8220; column_padding_phone=&#8220;inherit&#8220; column_padding_position=&#8220;all&#8220; column_element_direction_desktop=&#8220;default&#8220; column_element_spacing=&#8220;default&#8220; desktop_text_alignment=&#8220;default&#8220; tablet_text_alignment=&#8220;default&#8220; phone_text_alignment=&#8220;default&#8220; background_color_opacity=&#8220;1&#8243; background_hover_color_opacity=&#8220;1&#8243; column_backdrop_filter=&#8220;none&#8220; column_shadow=&#8220;none&#8220; column_border_radius=&#8220;none&#8220; column_link_target=&#8220;_self&#8220; column_position=&#8220;default&#8220; gradient_direction=&#8220;left_to_right&#8220; overlay_strength=&#8220;0.3&#8243; width=&#8220;2\/3&#8243; tablet_width_inherit=&#8220;default&#8220; animation_type=&#8220;default&#8220; bg_image_animation=&#8220;none&#8220; border_type=&#8220;simple&#8220; column_border_width=&#8220;none&#8220; column_border_style=&#8220;solid&#8220;][divider line_type=&#8220;No Line&#8220;][vc_column_text]\n<h1>BEDINGUNGEN UND KONDITIONEN<\/h1>\n<h3>METALLGEWERKSCHAFTSBEDINGUNGEN<\/h3>\n<p>F\u00fcr alle unsere Angebote, alle uns erteilten Auftr\u00e4ge und alle mit uns geschlossenen Vertr\u00e4ge gelten die <a href=\"https:\/\/vssmachinebouw.com\/wp-content\/uploads\/2023\/07\/Metaalunievoorwaarden-2019-Nederlands.pdf\" target=\"_blank\" rel=\"noopener\"><br \/>\n  <strong>Metaalunie-Bedingungen<\/strong><br \/>\n<\/a>die bei der Gesch\u00e4ftsstelle des Landgerichts in Rotterdam hinterlegt sind, in der Fassung des letzten dort hinterlegten Textes. Die Lieferbedingungen werden Ihnen auf Anfrage zugesandt.<\/p>\n<p>&nbsp;<\/p>\n<h3>DATEN<\/h3>\n<p>Alle Abbildungen, Ma\u00dfe, Gewichte und sonstigen Daten sind v\u00f6llig unverbindlich und k\u00f6nnen ohne vorherige Ank\u00fcndigung oder Verpflichtung ge\u00e4ndert werden. Konstruktions\u00e4nderungen vorbehalten.<\/p>\n<p>Alle VSS Agro und VSS AMAC Maschinen entsprechen der <strong><br \/>\n  <a href=\"https:\/\/eur-lex.europa.eu\/legal-content\/EN\/TXT\/?uri=uriserv%3AOJ%2EC%5F%2E2016%2E332%2E01%2E0001%2E01%2EENG&amp;toc=OJ%3AC%3A2016%3A332%3ATOC&amp;utm%5Fmedium=email&amp;utm%5Fcampaign=MB%20special%2010%2F16&amp;utm%5Fcontent=MB%20special%2010%2F16&amp;utm%5Fsource=Emailnieuwsbrieven\" target=\"_blank\" rel=\"noopener\">Europ\u00e4ischen Maschinenrichtlinie (2006\/42\/EG)<\/a><br \/>\n<\/strong>und tragen daher das CE-Zeichen. Sofern nicht ausdr\u00fccklich anders vereinbart.<\/p>\n<p>&nbsp;<\/p>\n<h3>PREISE<\/h3>\n<p>Die Preise verstehen sich <strong>brutto<\/strong>, ohne <strong>Mehrwertsteuer in Euro<\/strong> und werden <strong>ab Werk<\/strong> geliefert. Die in der Preisliste angegebenen Preise k\u00f6nnen ohne Vorank\u00fcndigung ge\u00e4ndert werden. Alle fr\u00fcheren Preislisten werden hiermit aufgehoben. Neue Preislisten mit ge\u00e4nderten Preisen sind auf Anfrage erh\u00e4ltlich. Wenn kein Preis angegeben ist, wird er auf Anfrage mitgeteilt.<\/p>\n<p>&nbsp;<\/p>\n<h3>GARANTIE<\/h3>\n<p>Alle unsere Maschinen werden mit einer Garantie f\u00fcr einen einwandfreien Betrieb geliefert. Dar\u00fcber hinaus gilt die im Vertrag schriftlich festgelegte Gew\u00e4hrleistungsfrist. Bei Auftreten und Feststellung eines Mangels innerhalb der Garantiezeit muss dieser innerhalb von 10 Tagen schriftlich reklamiert werden.<\/p>\n<p>&nbsp;<\/p>\n<h3>FREMDENKOSTEN<\/h3>\n<p>Etwaige Frachtkosten k\u00f6nnen auf Anfrage mitgeteilt werden.[\/vc_column_text][divider line_type=&#8220;No Line&#8220;][\/vc_column][vc_column column_padding=&#8220;no-extra-padding&#8220; column_padding_tablet=&#8220;inherit&#8220; column_padding_phone=&#8220;inherit&#8220; column_padding_position=&#8220;all&#8220; column_element_direction_desktop=&#8220;default&#8220; column_element_spacing=&#8220;default&#8220; desktop_text_alignment=&#8220;default&#8220; tablet_text_alignment=&#8220;default&#8220; phone_text_alignment=&#8220;default&#8220; background_color_opacity=&#8220;1&#8243; background_hover_color_opacity=&#8220;1&#8243; column_backdrop_filter=&#8220;none&#8220; column_shadow=&#8220;none&#8220; column_border_radius=&#8220;none&#8220; column_link_target=&#8220;_self&#8220; column_position=&#8220;default&#8220; gradient_direction=&#8220;left_to_right&#8220; overlay_strength=&#8220;0.3&#8243; width=&#8220;1\/6&#8243; tablet_width_inherit=&#8220;default&#8220; animation_type=&#8220;default&#8220; bg_image_animation=&#8220;none&#8220; border_type=&#8220;simple&#8220; column_border_width=&#8220;none&#8220; column_border_style=&#8220;solid&#8220;][\/vc_column][\/vc_row]\n","protected":false},"excerpt":{"rendered":"<p>[vc_row type=&#8220;in_container&#8220; full_screen_row_position=&#8220;middle&#8220; column_margin=&#8220;default&#8220; column_direction=&#8220;default&#8220; column_direction_tablet=&#8220;default&#8220; column_direction_phone=&#8220;default&#8220; scene_position=&#8220;center&#8220; text_color=&#8220;dark&#8220; text_align=&#8220;left&#8220; row_border_radius=&#8220;none&#8220; row_border_radius_applies=&#8220;bg&#8220; overflow=&#8220;visible&#8220; overlay_strength=&#8220;0.3&#8243; gradient_direction=&#8220;left_to_right&#8220; shape_divider_position=&#8220;bottom&#8220; bg_image_animation=&#8220;none&#8220; gradient_type=&#8220;default&#8220; shape_type=&#8220;&#8220;][vc_column column_padding=&#8220;no-extra-padding&#8220; column_padding_tablet=&#8220;inherit&#8220; column_padding_phone=&#8220;inherit&#8220; column_padding_position=&#8220;all&#8220; column_element_direction_desktop=&#8220;default&#8220; column_element_spacing=&#8220;default&#8220; desktop_text_alignment=&#8220;default&#8220; tablet_text_alignment=&#8220;default&#8220; phone_text_alignment=&#8220;default&#8220; background_color_opacity=&#8220;1&#8243; background_hover_color_opacity=&#8220;1&#8243;&#8230;<\/p>\n","protected":false},"author":5,"featured_media":0,"parent":0,"menu_order":1,"comment_status":"closed","ping_status":"closed","template":"","meta":{"_joinchat":[],"footnotes":""},"folder":[],"class_list":["post-8218","page","type-page","status-publish"],"yoast_head":"<!-- This site is optimized with the Yoast SEO plugin v27.5 - https:\/\/yoast.com\/product\/yoast-seo-wordpress\/ -->\n<title>Allgemeine Bedingungen und Konditionen | VSS Machinebouw<\/title>\n<meta name=\"description\" content=\"Zu unseren allgemeinen Bedingungen geh\u00f6ren die Metaalunie-Bedingungen, die f\u00fcr alle Angebote, Auftr\u00e4ge und Vertr\u00e4ge gelten.\" \/>\n<meta name=\"robots\" content=\"index, follow, max-snippet:-1, max-image-preview:large, max-video-preview:-1\" \/>\n<link rel=\"canonical\" href=\"https:\/\/vssmachinebouw.com\/de\/allgemeine-bedingungen-und-konditionen\/\" \/>\n<meta property=\"og:locale\" content=\"de_DE\" \/>\n<meta property=\"og:type\" content=\"article\" \/>\n<meta property=\"og:title\" content=\"Allgemeine Bedingungen und Konditionen | VSS Machinebouw\" \/>\n<meta property=\"og:description\" content=\"Zu unseren allgemeinen Bedingungen geh\u00f6ren die Metaalunie-Bedingungen, die f\u00fcr alle Angebote, Auftr\u00e4ge und Vertr\u00e4ge gelten.\" \/>\n<meta property=\"og:url\" content=\"https:\/\/vssmachinebouw.com\/de\/allgemeine-bedingungen-und-konditionen\/\" \/>\n<meta property=\"og:site_name\" content=\"VSS Machinebouw\" \/>\n<meta property=\"article:publisher\" content=\"https:\/\/www.facebook.com\/vssmachinebouw\" \/>\n<meta property=\"article:modified_time\" content=\"2023-07-05T07:31:10+00:00\" \/>\n<meta name=\"twitter:card\" content=\"summary_large_image\" \/>\n<meta name=\"twitter:label1\" content=\"Gesch\u00e4tzte Lesezeit\" \/>\n\t<meta name=\"twitter:data1\" content=\"3\u00a0Minuten\" \/>\n<script type=\"application\/ld+json\" class=\"yoast-schema-graph\">{\"@context\":\"https:\\\/\\\/schema.org\",\"@graph\":[{\"@type\":\"WebPage\",\"@id\":\"https:\\\/\\\/vssmachinebouw.com\\\/de\\\/allgemeine-bedingungen-und-konditionen\\\/\",\"url\":\"https:\\\/\\\/vssmachinebouw.com\\\/de\\\/allgemeine-bedingungen-und-konditionen\\\/\",\"name\":\"Allgemeine Bedingungen und Konditionen | VSS Machinebouw\",\"isPartOf\":{\"@id\":\"\\\/#website\"},\"datePublished\":\"2023-07-04T08:42:28+00:00\",\"dateModified\":\"2023-07-05T07:31:10+00:00\",\"description\":\"Zu unseren allgemeinen Bedingungen geh\u00f6ren die Metaalunie-Bedingungen, die f\u00fcr alle Angebote, Auftr\u00e4ge und Vertr\u00e4ge gelten.\",\"breadcrumb\":{\"@id\":\"https:\\\/\\\/vssmachinebouw.com\\\/de\\\/allgemeine-bedingungen-und-konditionen\\\/#breadcrumb\"},\"inLanguage\":\"de\",\"potentialAction\":[{\"@type\":\"ReadAction\",\"target\":[\"https:\\\/\\\/vssmachinebouw.com\\\/de\\\/allgemeine-bedingungen-und-konditionen\\\/\"]}]},{\"@type\":\"BreadcrumbList\",\"@id\":\"https:\\\/\\\/vssmachinebouw.com\\\/de\\\/allgemeine-bedingungen-und-konditionen\\\/#breadcrumb\",\"itemListElement\":[{\"@type\":\"ListItem\",\"position\":1,\"name\":\"Home\",\"item\":\"https:\\\/\\\/vssmachinebouw.com\\\/de\\\/\"},{\"@type\":\"ListItem\",\"position\":2,\"name\":\"Allgemeine Bedingungen und Konditionen\"}]},{\"@type\":\"WebSite\",\"@id\":\"\\\/#website\",\"url\":\"\\\/\",\"name\":\"VSS Machinebouw\",\"description\":\"Specialist in grondbewerking en oogsttechniek\",\"potentialAction\":[{\"@type\":\"SearchAction\",\"target\":{\"@type\":\"EntryPoint\",\"urlTemplate\":\"\\\/?s={search_term_string}\"},\"query-input\":{\"@type\":\"PropertyValueSpecification\",\"valueRequired\":true,\"valueName\":\"search_term_string\"}}],\"inLanguage\":\"de\"}]}<\/script>\n<!-- \/ Yoast SEO plugin. -->","yoast_head_json":{"title":"Allgemeine Bedingungen und Konditionen | VSS Machinebouw","description":"Zu unseren allgemeinen Bedingungen geh\u00f6ren die Metaalunie-Bedingungen, die f\u00fcr alle Angebote, Auftr\u00e4ge und Vertr\u00e4ge gelten.","robots":{"index":"index","follow":"follow","max-snippet":"max-snippet:-1","max-image-preview":"max-image-preview:large","max-video-preview":"max-video-preview:-1"},"canonical":"https:\/\/vssmachinebouw.com\/de\/allgemeine-bedingungen-und-konditionen\/","og_locale":"de_DE","og_type":"article","og_title":"Allgemeine Bedingungen und Konditionen | VSS Machinebouw","og_description":"Zu unseren allgemeinen Bedingungen geh\u00f6ren die Metaalunie-Bedingungen, die f\u00fcr alle Angebote, Auftr\u00e4ge und Vertr\u00e4ge gelten.","og_url":"https:\/\/vssmachinebouw.com\/de\/allgemeine-bedingungen-und-konditionen\/","og_site_name":"VSS Machinebouw","article_publisher":"https:\/\/www.facebook.com\/vssmachinebouw","article_modified_time":"2023-07-05T07:31:10+00:00","twitter_card":"summary_large_image","twitter_misc":{"Gesch\u00e4tzte Lesezeit":"3\u00a0Minuten"},"schema":{"@context":"https:\/\/schema.org","@graph":[{"@type":"WebPage","@id":"https:\/\/vssmachinebouw.com\/de\/allgemeine-bedingungen-und-konditionen\/","url":"https:\/\/vssmachinebouw.com\/de\/allgemeine-bedingungen-und-konditionen\/","name":"Allgemeine Bedingungen und Konditionen | VSS Machinebouw","isPartOf":{"@id":"\/#website"},"datePublished":"2023-07-04T08:42:28+00:00","dateModified":"2023-07-05T07:31:10+00:00","description":"Zu unseren allgemeinen Bedingungen geh\u00f6ren die Metaalunie-Bedingungen, die f\u00fcr alle Angebote, Auftr\u00e4ge und Vertr\u00e4ge gelten.","breadcrumb":{"@id":"https:\/\/vssmachinebouw.com\/de\/allgemeine-bedingungen-und-konditionen\/#breadcrumb"},"inLanguage":"de","potentialAction":[{"@type":"ReadAction","target":["https:\/\/vssmachinebouw.com\/de\/allgemeine-bedingungen-und-konditionen\/"]}]},{"@type":"BreadcrumbList","@id":"https:\/\/vssmachinebouw.com\/de\/allgemeine-bedingungen-und-konditionen\/#breadcrumb","itemListElement":[{"@type":"ListItem","position":1,"name":"Home","item":"https:\/\/vssmachinebouw.com\/de\/"},{"@type":"ListItem","position":2,"name":"Allgemeine Bedingungen und Konditionen"}]},{"@type":"WebSite","@id":"\/#website","url":"\/","name":"VSS Machinebouw","description":"Specialist in grondbewerking en oogsttechniek","potentialAction":[{"@type":"SearchAction","target":{"@type":"EntryPoint","urlTemplate":"\/?s={search_term_string}"},"query-input":{"@type":"PropertyValueSpecification","valueRequired":true,"valueName":"search_term_string"}}],"inLanguage":"de"}]}},"_links":{"self":[{"href":"https:\/\/vssmachinebouw.com\/de\/wp-json\/wp\/v2\/pages\/8218","targetHints":{"allow":["GET"]}}],"collection":[{"href":"https:\/\/vssmachinebouw.com\/de\/wp-json\/wp\/v2\/pages"}],"about":[{"href":"https:\/\/vssmachinebouw.com\/de\/wp-json\/wp\/v2\/types\/page"}],"author":[{"embeddable":true,"href":"https:\/\/vssmachinebouw.com\/de\/wp-json\/wp\/v2\/users\/5"}],"replies":[{"embeddable":true,"href":"https:\/\/vssmachinebouw.com\/de\/wp-json\/wp\/v2\/comments?post=8218"}],"version-history":[{"count":0,"href":"https:\/\/vssmachinebouw.com\/de\/wp-json\/wp\/v2\/pages\/8218\/revisions"}],"wp:attachment":[{"href":"https:\/\/vssmachinebouw.com\/de\/wp-json\/wp\/v2\/media?parent=8218"}],"wp:term":[{"taxonomy":"folder","embeddable":true,"href":"https:\/\/vssmachinebouw.com\/de\/wp-json\/wp\/v2\/folder?post=8218"}],"curies":[{"name":"wp","href":"https:\/\/api.w.org\/{rel}","templated":true}]}}