{"id":1038,"date":"2023-01-27T09:54:23","date_gmt":"2023-01-27T08:54:23","guid":{"rendered":"http:\/\/vssmachinebouw.com\/produits\/"},"modified":"2023-07-18T13:57:23","modified_gmt":"2023-07-18T11:57:23","slug":"produits","status":"publish","type":"page","link":"https:\/\/vssmachinebouw.com\/fr\/produits\/","title":{"rendered":"Produits"},"content":{"rendered":"[vc_row type=\u00a0\u00bbin_container\u00a0\u00bb full_screen_row_position=\u00a0\u00bbmiddle\u00a0\u00bb column_margin=\u00a0\u00bbdefault\u00a0\u00bb column_direction=\u00a0\u00bbdefault\u00a0\u00bb column_direction_tablet=\u00a0\u00bbdefault\u00a0\u00bb column_direction_phone=\u00a0\u00bbdefault\u00a0\u00bb scene_position=\u00a0\u00bbcenter\u00a0\u00bb text_color=\u00a0\u00bbdark\u00a0\u00bb text_align=\u00a0\u00bbleft\u00a0\u00bb row_border_radius=\u00a0\u00bbnone\u00a0\u00bb row_border_radius_applies=\u00a0\u00bbbg\u00a0\u00bb overflow=\u00a0\u00bbvisible\u00a0\u00bb overlay_strength=\u00a0\u00bb0.3&Prime; gradient_direction=\u00a0\u00bbleft_to_right\u00a0\u00bb shape_divider_position=\u00a0\u00bbbottom\u00a0\u00bb bg_image_animation=\u00a0\u00bbnone\u00a0\u00bb][vc_column column_padding=\u00a0\u00bbno-extra-padding\u00a0\u00bb column_padding_tablet=\u00a0\u00bbinherit\u00a0\u00bb column_padding_phone=\u00a0\u00bbinherit\u00a0\u00bb column_padding_position=\u00a0\u00bball\u00a0\u00bb column_element_direction_desktop=\u00a0\u00bbdefault\u00a0\u00bb column_element_spacing=\u00a0\u00bbdefault\u00a0\u00bb desktop_text_alignment=\u00a0\u00bbdefault\u00a0\u00bb tablet_text_alignment=\u00a0\u00bbdefault\u00a0\u00bb phone_text_alignment=\u00a0\u00bbdefault\u00a0\u00bb background_color_opacity=\u00a0\u00bb1&Prime; background_hover_color_opacity=\u00a0\u00bb1&Prime; column_backdrop_filter=\u00a0\u00bbnone\u00a0\u00bb column_shadow=\u00a0\u00bbnone\u00a0\u00bb column_border_radius=\u00a0\u00bbnone\u00a0\u00bb column_link_target=\u00a0\u00bb_self\u00a0\u00bb column_position=\u00a0\u00bbdefault\u00a0\u00bb gradient_direction=\u00a0\u00bbleft_to_right\u00a0\u00bb overlay_strength=\u00a0\u00bb0.3&Prime; width=\u00a0\u00bb1\/1&Prime; tablet_width_inherit=\u00a0\u00bbdefault\u00a0\u00bb animation_type=\u00a0\u00bbdefault\u00a0\u00bb bg_image_animation=\u00a0\u00bbnone\u00a0\u00bb border_type=\u00a0\u00bbsimple\u00a0\u00bb column_border_width=\u00a0\u00bbnone\u00a0\u00bb column_border_style=\u00a0\u00bbsolid\u00a0\u00bb][vc_column_text][wcps id=\u00a0\u00bb2514&Prime;][\/vc_column_text][\/vc_column][\/vc_row]\n","protected":false},"excerpt":{"rendered":"<p>[vc_row type=\u00a0\u00bbin_container\u00a0\u00bb full_screen_row_position=\u00a0\u00bbmiddle\u00a0\u00bb column_margin=\u00a0\u00bbdefault\u00a0\u00bb column_direction=\u00a0\u00bbdefault\u00a0\u00bb column_direction_tablet=\u00a0\u00bbdefault\u00a0\u00bb column_direction_phone=\u00a0\u00bbdefault\u00a0\u00bb scene_position=\u00a0\u00bbcenter\u00a0\u00bb text_color=\u00a0\u00bbdark\u00a0\u00bb text_align=\u00a0\u00bbleft\u00a0\u00bb row_border_radius=\u00a0\u00bbnone\u00a0\u00bb row_border_radius_applies=\u00a0\u00bbbg\u00a0\u00bb overflow=\u00a0\u00bbvisible\u00a0\u00bb overlay_strength=\u00a0\u00bb0.3&Prime; gradient_direction=\u00a0\u00bbleft_to_right\u00a0\u00bb shape_divider_position=\u00a0\u00bbbottom\u00a0\u00bb bg_image_animation=\u00a0\u00bbnone\u00a0\u00bb][vc_column column_padding=\u00a0\u00bbno-extra-padding\u00a0\u00bb column_padding_tablet=\u00a0\u00bbinherit\u00a0\u00bb column_padding_phone=\u00a0\u00bbinherit\u00a0\u00bb column_padding_position=\u00a0\u00bball\u00a0\u00bb column_element_direction_desktop=\u00a0\u00bbdefault\u00a0\u00bb column_element_spacing=\u00a0\u00bbdefault\u00a0\u00bb desktop_text_alignment=\u00a0\u00bbdefault\u00a0\u00bb tablet_text_alignment=\u00a0\u00bbdefault\u00a0\u00bb phone_text_alignment=\u00a0\u00bbdefault\u00a0\u00bb background_color_opacity=\u00a0\u00bb1&Prime; background_hover_color_opacity=\u00a0\u00bb1&Prime; column_backdrop_filter=\u00a0\u00bbnone\u00a0\u00bb column_shadow=\u00a0\u00bbnone\u00a0\u00bb&#8230;<\/p>\n","protected":false},"author":5,"featured_media":0,"parent":0,"menu_order":0,"comment_status":"closed","ping_status":"closed","template":"","meta":{"_joinchat":[],"footnotes":""},"folder":[],"class_list":["post-1038","page","type-page","status-publish"],"yoast_head":"<!-- This site is optimized with the Yoast SEO plugin v27.5 - https:\/\/yoast.com\/product\/yoast-seo-wordpress\/ -->\n<title>Produits | VSS Machinebouw<\/title>\n<meta name=\"description\" content=\"Tous les produits VSS Agro et VSS AMAC rassembl\u00e9s pour vous sur une seule page. De la pr\u00e9paration et de la s\u00e9lection des lits de semences \u00e0 la r\u00e9colte des stocks et au chargement des oignons.\" \/>\n<meta name=\"robots\" content=\"index, follow, max-snippet:-1, max-image-preview:large, max-video-preview:-1\" \/>\n<link rel=\"canonical\" href=\"https:\/\/vssmachinebouw.com\/fr\/produits\/\" \/>\n<meta property=\"og:locale\" content=\"fr_FR\" \/>\n<meta property=\"og:type\" content=\"article\" \/>\n<meta property=\"og:title\" content=\"Produits | VSS Machinebouw\" \/>\n<meta property=\"og:description\" content=\"Tous les produits VSS Agro et VSS AMAC rassembl\u00e9s pour vous sur une seule page. De la pr\u00e9paration et de la s\u00e9lection des lits de semences \u00e0 la r\u00e9colte des stocks et au chargement des oignons.\" \/>\n<meta property=\"og:url\" content=\"https:\/\/vssmachinebouw.com\/fr\/produits\/\" \/>\n<meta property=\"og:site_name\" content=\"VSS Machinebouw\" \/>\n<meta property=\"article:publisher\" content=\"https:\/\/www.facebook.com\/vssmachinebouw\" \/>\n<meta property=\"article:modified_time\" content=\"2023-07-18T11:57:23+00:00\" \/>\n<meta name=\"twitter:card\" content=\"summary_large_image\" \/>\n<meta name=\"twitter:label1\" content=\"Dur\u00e9e de lecture estim\u00e9e\" \/>\n\t<meta name=\"twitter:data1\" content=\"1 minute\" \/>\n<script type=\"application\/ld+json\" class=\"yoast-schema-graph\">{\"@context\":\"https:\\\/\\\/schema.org\",\"@graph\":[{\"@type\":\"WebPage\",\"@id\":\"https:\\\/\\\/vssmachinebouw.com\\\/fr\\\/produits\\\/\",\"url\":\"https:\\\/\\\/vssmachinebouw.com\\\/fr\\\/produits\\\/\",\"name\":\"Produits | VSS Machinebouw\",\"isPartOf\":{\"@id\":\"\\\/#website\"},\"datePublished\":\"2023-01-27T08:54:23+00:00\",\"dateModified\":\"2023-07-18T11:57:23+00:00\",\"description\":\"Tous les produits VSS Agro et VSS AMAC rassembl\u00e9s pour vous sur une seule page. De la pr\u00e9paration et de la s\u00e9lection des lits de semences \u00e0 la r\u00e9colte des stocks et au chargement des oignons.\",\"breadcrumb\":{\"@id\":\"https:\\\/\\\/vssmachinebouw.com\\\/fr\\\/produits\\\/#breadcrumb\"},\"inLanguage\":\"fr-FR\",\"potentialAction\":[{\"@type\":\"ReadAction\",\"target\":[\"https:\\\/\\\/vssmachinebouw.com\\\/fr\\\/produits\\\/\"]}]},{\"@type\":\"BreadcrumbList\",\"@id\":\"https:\\\/\\\/vssmachinebouw.com\\\/fr\\\/produits\\\/#breadcrumb\",\"itemListElement\":[{\"@type\":\"ListItem\",\"position\":1,\"name\":\"Home\",\"item\":\"https:\\\/\\\/vssmachinebouw.com\\\/fr\\\/\"},{\"@type\":\"ListItem\",\"position\":2,\"name\":\"Produits\"}]},{\"@type\":\"WebSite\",\"@id\":\"\\\/#website\",\"url\":\"\\\/\",\"name\":\"VSS Machinebouw\",\"description\":\"Specialist in grondbewerking en oogsttechniek\",\"potentialAction\":[{\"@type\":\"SearchAction\",\"target\":{\"@type\":\"EntryPoint\",\"urlTemplate\":\"\\\/?s={search_term_string}\"},\"query-input\":{\"@type\":\"PropertyValueSpecification\",\"valueRequired\":true,\"valueName\":\"search_term_string\"}}],\"inLanguage\":\"fr-FR\"}]}<\/script>\n<!-- \/ Yoast SEO plugin. -->","yoast_head_json":{"title":"Produits | VSS Machinebouw","description":"Tous les produits VSS Agro et VSS AMAC rassembl\u00e9s pour vous sur une seule page. De la pr\u00e9paration et de la s\u00e9lection des lits de semences \u00e0 la r\u00e9colte des stocks et au chargement des oignons.","robots":{"index":"index","follow":"follow","max-snippet":"max-snippet:-1","max-image-preview":"max-image-preview:large","max-video-preview":"max-video-preview:-1"},"canonical":"https:\/\/vssmachinebouw.com\/fr\/produits\/","og_locale":"fr_FR","og_type":"article","og_title":"Produits | VSS Machinebouw","og_description":"Tous les produits VSS Agro et VSS AMAC rassembl\u00e9s pour vous sur une seule page. De la pr\u00e9paration et de la s\u00e9lection des lits de semences \u00e0 la r\u00e9colte des stocks et au chargement des oignons.","og_url":"https:\/\/vssmachinebouw.com\/fr\/produits\/","og_site_name":"VSS Machinebouw","article_publisher":"https:\/\/www.facebook.com\/vssmachinebouw","article_modified_time":"2023-07-18T11:57:23+00:00","twitter_card":"summary_large_image","twitter_misc":{"Dur\u00e9e de lecture estim\u00e9e":"1 minute"},"schema":{"@context":"https:\/\/schema.org","@graph":[{"@type":"WebPage","@id":"https:\/\/vssmachinebouw.com\/fr\/produits\/","url":"https:\/\/vssmachinebouw.com\/fr\/produits\/","name":"Produits | VSS Machinebouw","isPartOf":{"@id":"\/#website"},"datePublished":"2023-01-27T08:54:23+00:00","dateModified":"2023-07-18T11:57:23+00:00","description":"Tous les produits VSS Agro et VSS AMAC rassembl\u00e9s pour vous sur une seule page. De la pr\u00e9paration et de la s\u00e9lection des lits de semences \u00e0 la r\u00e9colte des stocks et au chargement des oignons.","breadcrumb":{"@id":"https:\/\/vssmachinebouw.com\/fr\/produits\/#breadcrumb"},"inLanguage":"fr-FR","potentialAction":[{"@type":"ReadAction","target":["https:\/\/vssmachinebouw.com\/fr\/produits\/"]}]},{"@type":"BreadcrumbList","@id":"https:\/\/vssmachinebouw.com\/fr\/produits\/#breadcrumb","itemListElement":[{"@type":"ListItem","position":1,"name":"Home","item":"https:\/\/vssmachinebouw.com\/fr\/"},{"@type":"ListItem","position":2,"name":"Produits"}]},{"@type":"WebSite","@id":"\/#website","url":"\/","name":"VSS Machinebouw","description":"Specialist in grondbewerking en oogsttechniek","potentialAction":[{"@type":"SearchAction","target":{"@type":"EntryPoint","urlTemplate":"\/?s={search_term_string}"},"query-input":{"@type":"PropertyValueSpecification","valueRequired":true,"valueName":"search_term_string"}}],"inLanguage":"fr-FR"}]}},"_links":{"self":[{"href":"https:\/\/vssmachinebouw.com\/fr\/wp-json\/wp\/v2\/pages\/1038","targetHints":{"allow":["GET"]}}],"collection":[{"href":"https:\/\/vssmachinebouw.com\/fr\/wp-json\/wp\/v2\/pages"}],"about":[{"href":"https:\/\/vssmachinebouw.com\/fr\/wp-json\/wp\/v2\/types\/page"}],"author":[{"embeddable":true,"href":"https:\/\/vssmachinebouw.com\/fr\/wp-json\/wp\/v2\/users\/5"}],"replies":[{"embeddable":true,"href":"https:\/\/vssmachinebouw.com\/fr\/wp-json\/wp\/v2\/comments?post=1038"}],"version-history":[{"count":0,"href":"https:\/\/vssmachinebouw.com\/fr\/wp-json\/wp\/v2\/pages\/1038\/revisions"}],"wp:attachment":[{"href":"https:\/\/vssmachinebouw.com\/fr\/wp-json\/wp\/v2\/media?parent=1038"}],"wp:term":[{"taxonomy":"folder","embeddable":true,"href":"https:\/\/vssmachinebouw.com\/fr\/wp-json\/wp\/v2\/folder?post=1038"}],"curies":[{"name":"wp","href":"https:\/\/api.w.org\/{rel}","templated":true}]}}