{"id":8213,"date":"2023-07-04T10:42:28","date_gmt":"2023-07-04T08:42:28","guid":{"rendered":"http:\/\/vssmachinebouw.com\/conditions-generales-dutilisation\/"},"modified":"2023-07-05T09:31:11","modified_gmt":"2023-07-05T07:31:11","slug":"conditions-generales-dutilisation","status":"publish","type":"page","link":"https:\/\/vssmachinebouw.com\/fr\/conditions-generales-dutilisation\/","title":{"rendered":"Conditions g\u00e9n\u00e9rales d&rsquo;utilisation"},"content":{"rendered":"[vc_row type=\u00a0\u00bbin_container\u00a0\u00bb full_screen_row_position=\u00a0\u00bbmiddle\u00a0\u00bb column_margin=\u00a0\u00bbdefault\u00a0\u00bb column_direction=\u00a0\u00bbdefault\u00a0\u00bb column_direction_tablet=\u00a0\u00bbdefault\u00a0\u00bb column_direction_phone=\u00a0\u00bbdefault\u00a0\u00bb scene_position=\u00a0\u00bbcenter\u00a0\u00bb text_color=\u00a0\u00bbdark\u00a0\u00bb text_align=\u00a0\u00bbleft\u00a0\u00bb row_border_radius=\u00a0\u00bbnone\u00a0\u00bb row_border_radius_applies=\u00a0\u00bbbg\u00a0\u00bb overflow=\u00a0\u00bbvisible\u00a0\u00bb overlay_strength=\u00a0\u00bb0.3&Prime; gradient_direction=\u00a0\u00bbleft_to_right\u00a0\u00bb shape_divider_position=\u00a0\u00bbbottom\u00a0\u00bb bg_image_animation=\u00a0\u00bbnone\u00a0\u00bb gradient_type=\u00a0\u00bbdefault\u00a0\u00bb shape_type=\u00a0\u00bb\u00a0\u00bb][vc_column column_padding=\u00a0\u00bbno-extra-padding\u00a0\u00bb column_padding_tablet=\u00a0\u00bbinherit\u00a0\u00bb column_padding_phone=\u00a0\u00bbinherit\u00a0\u00bb column_padding_position=\u00a0\u00bball\u00a0\u00bb column_element_direction_desktop=\u00a0\u00bbdefault\u00a0\u00bb column_element_spacing=\u00a0\u00bbdefault\u00a0\u00bb desktop_text_alignment=\u00a0\u00bbdefault\u00a0\u00bb tablet_text_alignment=\u00a0\u00bbdefault\u00a0\u00bb phone_text_alignment=\u00a0\u00bbdefault\u00a0\u00bb background_color_opacity=\u00a0\u00bb1&Prime; background_hover_color_opacity=\u00a0\u00bb1&Prime; column_backdrop_filter=\u00a0\u00bbnone\u00a0\u00bb column_shadow=\u00a0\u00bbnone\u00a0\u00bb column_border_radius=\u00a0\u00bbnone\u00a0\u00bb column_link_target=\u00a0\u00bb_self\u00a0\u00bb column_position=\u00a0\u00bbdefault\u00a0\u00bb gradient_direction=\u00a0\u00bbleft_to_right\u00a0\u00bb overlay_strength=\u00a0\u00bb0.3&Prime; width=\u00a0\u00bb1\/6&Prime; tablet_width_inherit=\u00a0\u00bbdefault\u00a0\u00bb animation_type=\u00a0\u00bbdefault\u00a0\u00bb bg_image_animation=\u00a0\u00bbnone\u00a0\u00bb border_type=\u00a0\u00bbsimple\u00a0\u00bb column_border_width=\u00a0\u00bbnone\u00a0\u00bb column_border_style=\u00a0\u00bbsolid\u00a0\u00bb column_padding_type=\u00a0\u00bbdefault\u00a0\u00bb gradient_type=\u00a0\u00bbdefault\u00a0\u00bb][\/vc_column][vc_column column_padding=\u00a0\u00bbno-extra-padding\u00a0\u00bb column_padding_tablet=\u00a0\u00bbinherit\u00a0\u00bb column_padding_phone=\u00a0\u00bbinherit\u00a0\u00bb column_padding_position=\u00a0\u00bball\u00a0\u00bb column_element_direction_desktop=\u00a0\u00bbdefault\u00a0\u00bb column_element_spacing=\u00a0\u00bbdefault\u00a0\u00bb desktop_text_alignment=\u00a0\u00bbdefault\u00a0\u00bb tablet_text_alignment=\u00a0\u00bbdefault\u00a0\u00bb phone_text_alignment=\u00a0\u00bbdefault\u00a0\u00bb background_color_opacity=\u00a0\u00bb1&Prime; background_hover_color_opacity=\u00a0\u00bb1&Prime; column_backdrop_filter=\u00a0\u00bbnone\u00a0\u00bb column_shadow=\u00a0\u00bbnone\u00a0\u00bb column_border_radius=\u00a0\u00bbnone\u00a0\u00bb column_link_target=\u00a0\u00bb_self\u00a0\u00bb column_position=\u00a0\u00bbdefault\u00a0\u00bb gradient_direction=\u00a0\u00bbleft_to_right\u00a0\u00bb overlay_strength=\u00a0\u00bb0.3&Prime; width=\u00a0\u00bb2\/3&Prime; tablet_width_inherit=\u00a0\u00bbdefault\u00a0\u00bb animation_type=\u00a0\u00bbdefault\u00a0\u00bb bg_image_animation=\u00a0\u00bbnone\u00a0\u00bb border_type=\u00a0\u00bbsimple\u00a0\u00bb column_border_width=\u00a0\u00bbnone\u00a0\u00bb column_border_style=\u00a0\u00bbsolid\u00a0\u00bb][divider line_type=\u00a0\u00bbNo Line\u00a0\u00bb][vc_column_text]\n<h1>CONDITIONS G\u00c9N\u00c9RALES<\/h1>\n<h3>CONDITIONS DU SYNDICAT DES M\u00c9TAUX<\/h3>\n<p>Toutes nos offres, toutes les commandes qui nous sont pass\u00e9es et tous les contrats conclus avec nous sont soumis aux <a href=\"https:\/\/vssmachinebouw.com\/wp-content\/uploads\/2023\/07\/Metaalunievoorwaarden-2019-Nederlands.pdf\" target=\"_blank\" rel=\"noopener\"><br \/>\n  <strong>conditions Metaalunie<\/strong><br \/>\n<\/a>d\u00e9pos\u00e9es au greffe du tribunal de district de Rotterdam, dans leur version la plus r\u00e9cente. Les conditions de livraison vous seront envoy\u00e9es \u00e0 votre demande.<\/p>\n<p>&nbsp;<\/p>\n<h3>DONN\u00c9ES<\/h3>\n<p>Toutes les illustrations, dimensions, poids et autres donn\u00e9es sont sans engagement et peuvent \u00eatre modifi\u00e9es sans pr\u00e9avis ni obligation. Modifications de la construction r\u00e9serv\u00e9es.<\/p>\n<p>Toutes les machines VSS Agro et VSS AMAC sont conformes \u00e0 la <strong><br \/>\n  <a href=\"https:\/\/eur-lex.europa.eu\/legal-content\/EN\/TXT\/?uri=uriserv%3AOJ%2EC%5F%2E2016%2E332%2E01%2E0001%2E01%2EENG&amp;toc=OJ%3AC%3A2016%3A332%3ATOC&amp;utm%5Fmedium=email&amp;utm%5Fcampaign=MB%20special%2010%2F16&amp;utm%5Fcontent=MB%20special%2010%2F16&amp;utm%5Fsource=Emailnieuwsbrieven\" target=\"_blank\" rel=\"noopener\">directive europ\u00e9enne sur les machines (2006\/42\/CE)<\/a><br \/>\n<\/strong>et portent donc la marque CE. Sauf convention contraire expresse.<\/p>\n<p>&nbsp;<\/p>\n<h3>PRIX<\/h3>\n<p>Les prix sont <strong>bruts<\/strong>, sans <strong>TVA, en euros<\/strong> et sont livr\u00e9s <strong>d\u00e9part usine<\/strong>. Les prix indiqu\u00e9s dans la liste de prix peuvent \u00eatre modifi\u00e9s sans pr\u00e9avis. Toutes les listes de prix pr\u00e9c\u00e9dentes sont annul\u00e9es. Les nouvelles listes de prix modifi\u00e9es sont disponibles sur demande. Si aucun prix n&rsquo;est indiqu\u00e9, il sera fourni sur demande.<\/p>\n<p>&nbsp;<\/p>\n<h3>GARANTIE<\/h3>\n<p>Toutes nos machines sont livr\u00e9es avec une garantie de bon fonctionnement sans faille. En outre, la p\u00e9riode de garantie stipul\u00e9e par \u00e9crit dans l&rsquo;accord s&rsquo;applique. En cas d&rsquo;apparition et de constatation d&rsquo;un d\u00e9faut pendant la p\u00e9riode de garantie, une r\u00e9clamation \u00e9crite doit \u00eatre faite dans les 10 jours.<\/p>\n<p>&nbsp;<\/p>\n<h3>CO\u00dbTS DU FRET<\/h3>\n<p>Les frais de transport peuvent \u00eatre communiqu\u00e9s sur demande.[\/vc_column_text][divider line_type=\u00a0\u00bbNo Line\u00a0\u00bb][\/vc_column][vc_column column_padding=\u00a0\u00bbno-extra-padding\u00a0\u00bb column_padding_tablet=\u00a0\u00bbinherit\u00a0\u00bb column_padding_phone=\u00a0\u00bbinherit\u00a0\u00bb column_padding_position=\u00a0\u00bball\u00a0\u00bb column_element_direction_desktop=\u00a0\u00bbdefault\u00a0\u00bb column_element_spacing=\u00a0\u00bbdefault\u00a0\u00bb desktop_text_alignment=\u00a0\u00bbdefault\u00a0\u00bb tablet_text_alignment=\u00a0\u00bbdefault\u00a0\u00bb phone_text_alignment=\u00a0\u00bbdefault\u00a0\u00bb background_color_opacity=\u00a0\u00bb1&Prime; background_hover_color_opacity=\u00a0\u00bb1&Prime; column_backdrop_filter=\u00a0\u00bbnone\u00a0\u00bb column_shadow=\u00a0\u00bbnone\u00a0\u00bb column_border_radius=\u00a0\u00bbnone\u00a0\u00bb column_link_target=\u00a0\u00bb_self\u00a0\u00bb column_position=\u00a0\u00bbdefault\u00a0\u00bb gradient_direction=\u00a0\u00bbleft_to_right\u00a0\u00bb overlay_strength=\u00a0\u00bb0.3&Prime; width=\u00a0\u00bb1\/6&Prime; tablet_width_inherit=\u00a0\u00bbdefault\u00a0\u00bb animation_type=\u00a0\u00bbdefault\u00a0\u00bb bg_image_animation=\u00a0\u00bbnone\u00a0\u00bb border_type=\u00a0\u00bbsimple\u00a0\u00bb column_border_width=\u00a0\u00bbnone\u00a0\u00bb column_border_style=\u00a0\u00bbsolid\u00a0\u00bb][\/vc_column][\/vc_row]\n","protected":false},"excerpt":{"rendered":"<p>[vc_row type=\u00a0\u00bbin_container\u00a0\u00bb full_screen_row_position=\u00a0\u00bbmiddle\u00a0\u00bb column_margin=\u00a0\u00bbdefault\u00a0\u00bb column_direction=\u00a0\u00bbdefault\u00a0\u00bb column_direction_tablet=\u00a0\u00bbdefault\u00a0\u00bb column_direction_phone=\u00a0\u00bbdefault\u00a0\u00bb scene_position=\u00a0\u00bbcenter\u00a0\u00bb text_color=\u00a0\u00bbdark\u00a0\u00bb text_align=\u00a0\u00bbleft\u00a0\u00bb row_border_radius=\u00a0\u00bbnone\u00a0\u00bb row_border_radius_applies=\u00a0\u00bbbg\u00a0\u00bb overflow=\u00a0\u00bbvisible\u00a0\u00bb overlay_strength=\u00a0\u00bb0.3&Prime; gradient_direction=\u00a0\u00bbleft_to_right\u00a0\u00bb shape_divider_position=\u00a0\u00bbbottom\u00a0\u00bb bg_image_animation=\u00a0\u00bbnone\u00a0\u00bb gradient_type=\u00a0\u00bbdefault\u00a0\u00bb shape_type=\u00a0\u00bb\u00a0\u00bb][vc_column column_padding=\u00a0\u00bbno-extra-padding\u00a0\u00bb column_padding_tablet=\u00a0\u00bbinherit\u00a0\u00bb column_padding_phone=\u00a0\u00bbinherit\u00a0\u00bb column_padding_position=\u00a0\u00bball\u00a0\u00bb column_element_direction_desktop=\u00a0\u00bbdefault\u00a0\u00bb column_element_spacing=\u00a0\u00bbdefault\u00a0\u00bb desktop_text_alignment=\u00a0\u00bbdefault\u00a0\u00bb tablet_text_alignment=\u00a0\u00bbdefault\u00a0\u00bb phone_text_alignment=\u00a0\u00bbdefault\u00a0\u00bb background_color_opacity=\u00a0\u00bb1&Prime; background_hover_color_opacity=\u00a0\u00bb1&Prime;&#8230;<\/p>\n","protected":false},"author":5,"featured_media":0,"parent":0,"menu_order":1,"comment_status":"closed","ping_status":"closed","template":"","meta":{"_joinchat":[],"footnotes":""},"folder":[],"class_list":["post-8213","page","type-page","status-publish"],"yoast_head":"<!-- This site is optimized with the Yoast SEO plugin v27.4 - https:\/\/yoast.com\/product\/yoast-seo-wordpress\/ -->\n<title>Conditions g\u00e9n\u00e9rales d&#039;utilisation | VSS Machinebouw<\/title>\n<meta name=\"description\" content=\"Nos conditions g\u00e9n\u00e9rales comprennent les conditions de Metaalunie, qui s&#039;appliquent \u00e0 toutes les offres, commandes et accords.\" \/>\n<meta name=\"robots\" content=\"index, follow, max-snippet:-1, max-image-preview:large, max-video-preview:-1\" \/>\n<link rel=\"canonical\" href=\"https:\/\/vssmachinebouw.com\/fr\/conditions-generales-dutilisation\/\" \/>\n<meta property=\"og:locale\" content=\"fr_FR\" \/>\n<meta property=\"og:type\" content=\"article\" \/>\n<meta property=\"og:title\" content=\"Conditions g\u00e9n\u00e9rales d&#039;utilisation | VSS Machinebouw\" \/>\n<meta property=\"og:description\" content=\"Nos conditions g\u00e9n\u00e9rales comprennent les conditions de Metaalunie, qui s&#039;appliquent \u00e0 toutes les offres, commandes et accords.\" \/>\n<meta property=\"og:url\" content=\"https:\/\/vssmachinebouw.com\/fr\/conditions-generales-dutilisation\/\" \/>\n<meta property=\"og:site_name\" content=\"VSS Machinebouw\" \/>\n<meta property=\"article:publisher\" content=\"https:\/\/www.facebook.com\/vssmachinebouw\" \/>\n<meta property=\"article:modified_time\" content=\"2023-07-05T07:31:11+00:00\" \/>\n<meta name=\"twitter:card\" content=\"summary_large_image\" \/>\n<meta name=\"twitter:label1\" content=\"Dur\u00e9e de lecture estim\u00e9e\" \/>\n\t<meta name=\"twitter:data1\" content=\"3 minutes\" \/>\n<script type=\"application\/ld+json\" class=\"yoast-schema-graph\">{\"@context\":\"https:\\\/\\\/schema.org\",\"@graph\":[{\"@type\":\"WebPage\",\"@id\":\"https:\\\/\\\/vssmachinebouw.com\\\/fr\\\/conditions-generales-dutilisation\\\/\",\"url\":\"https:\\\/\\\/vssmachinebouw.com\\\/fr\\\/conditions-generales-dutilisation\\\/\",\"name\":\"Conditions g\u00e9n\u00e9rales d'utilisation | VSS Machinebouw\",\"isPartOf\":{\"@id\":\"\\\/#website\"},\"datePublished\":\"2023-07-04T08:42:28+00:00\",\"dateModified\":\"2023-07-05T07:31:11+00:00\",\"description\":\"Nos conditions g\u00e9n\u00e9rales comprennent les conditions de Metaalunie, qui s'appliquent \u00e0 toutes les offres, commandes et accords.\",\"breadcrumb\":{\"@id\":\"https:\\\/\\\/vssmachinebouw.com\\\/fr\\\/conditions-generales-dutilisation\\\/#breadcrumb\"},\"inLanguage\":\"fr-FR\",\"potentialAction\":[{\"@type\":\"ReadAction\",\"target\":[\"https:\\\/\\\/vssmachinebouw.com\\\/fr\\\/conditions-generales-dutilisation\\\/\"]}]},{\"@type\":\"BreadcrumbList\",\"@id\":\"https:\\\/\\\/vssmachinebouw.com\\\/fr\\\/conditions-generales-dutilisation\\\/#breadcrumb\",\"itemListElement\":[{\"@type\":\"ListItem\",\"position\":1,\"name\":\"Home\",\"item\":\"https:\\\/\\\/vssmachinebouw.com\\\/fr\\\/\"},{\"@type\":\"ListItem\",\"position\":2,\"name\":\"Conditions g\u00e9n\u00e9rales d&rsquo;utilisation\"}]},{\"@type\":\"WebSite\",\"@id\":\"\\\/#website\",\"url\":\"\\\/\",\"name\":\"VSS Machinebouw\",\"description\":\"Specialist in grondbewerking en oogsttechniek\",\"potentialAction\":[{\"@type\":\"SearchAction\",\"target\":{\"@type\":\"EntryPoint\",\"urlTemplate\":\"\\\/?s={search_term_string}\"},\"query-input\":{\"@type\":\"PropertyValueSpecification\",\"valueRequired\":true,\"valueName\":\"search_term_string\"}}],\"inLanguage\":\"fr-FR\"}]}<\/script>\n<!-- \/ Yoast SEO plugin. -->","yoast_head_json":{"title":"Conditions g\u00e9n\u00e9rales d'utilisation | VSS Machinebouw","description":"Nos conditions g\u00e9n\u00e9rales comprennent les conditions de Metaalunie, qui s'appliquent \u00e0 toutes les offres, commandes et accords.","robots":{"index":"index","follow":"follow","max-snippet":"max-snippet:-1","max-image-preview":"max-image-preview:large","max-video-preview":"max-video-preview:-1"},"canonical":"https:\/\/vssmachinebouw.com\/fr\/conditions-generales-dutilisation\/","og_locale":"fr_FR","og_type":"article","og_title":"Conditions g\u00e9n\u00e9rales d'utilisation | VSS Machinebouw","og_description":"Nos conditions g\u00e9n\u00e9rales comprennent les conditions de Metaalunie, qui s'appliquent \u00e0 toutes les offres, commandes et accords.","og_url":"https:\/\/vssmachinebouw.com\/fr\/conditions-generales-dutilisation\/","og_site_name":"VSS Machinebouw","article_publisher":"https:\/\/www.facebook.com\/vssmachinebouw","article_modified_time":"2023-07-05T07:31:11+00:00","twitter_card":"summary_large_image","twitter_misc":{"Dur\u00e9e de lecture estim\u00e9e":"3 minutes"},"schema":{"@context":"https:\/\/schema.org","@graph":[{"@type":"WebPage","@id":"https:\/\/vssmachinebouw.com\/fr\/conditions-generales-dutilisation\/","url":"https:\/\/vssmachinebouw.com\/fr\/conditions-generales-dutilisation\/","name":"Conditions g\u00e9n\u00e9rales d'utilisation | VSS Machinebouw","isPartOf":{"@id":"\/#website"},"datePublished":"2023-07-04T08:42:28+00:00","dateModified":"2023-07-05T07:31:11+00:00","description":"Nos conditions g\u00e9n\u00e9rales comprennent les conditions de Metaalunie, qui s'appliquent \u00e0 toutes les offres, commandes et accords.","breadcrumb":{"@id":"https:\/\/vssmachinebouw.com\/fr\/conditions-generales-dutilisation\/#breadcrumb"},"inLanguage":"fr-FR","potentialAction":[{"@type":"ReadAction","target":["https:\/\/vssmachinebouw.com\/fr\/conditions-generales-dutilisation\/"]}]},{"@type":"BreadcrumbList","@id":"https:\/\/vssmachinebouw.com\/fr\/conditions-generales-dutilisation\/#breadcrumb","itemListElement":[{"@type":"ListItem","position":1,"name":"Home","item":"https:\/\/vssmachinebouw.com\/fr\/"},{"@type":"ListItem","position":2,"name":"Conditions g\u00e9n\u00e9rales d&rsquo;utilisation"}]},{"@type":"WebSite","@id":"\/#website","url":"\/","name":"VSS Machinebouw","description":"Specialist in grondbewerking en oogsttechniek","potentialAction":[{"@type":"SearchAction","target":{"@type":"EntryPoint","urlTemplate":"\/?s={search_term_string}"},"query-input":{"@type":"PropertyValueSpecification","valueRequired":true,"valueName":"search_term_string"}}],"inLanguage":"fr-FR"}]}},"_links":{"self":[{"href":"https:\/\/vssmachinebouw.com\/fr\/wp-json\/wp\/v2\/pages\/8213","targetHints":{"allow":["GET"]}}],"collection":[{"href":"https:\/\/vssmachinebouw.com\/fr\/wp-json\/wp\/v2\/pages"}],"about":[{"href":"https:\/\/vssmachinebouw.com\/fr\/wp-json\/wp\/v2\/types\/page"}],"author":[{"embeddable":true,"href":"https:\/\/vssmachinebouw.com\/fr\/wp-json\/wp\/v2\/users\/5"}],"replies":[{"embeddable":true,"href":"https:\/\/vssmachinebouw.com\/fr\/wp-json\/wp\/v2\/comments?post=8213"}],"version-history":[{"count":0,"href":"https:\/\/vssmachinebouw.com\/fr\/wp-json\/wp\/v2\/pages\/8213\/revisions"}],"wp:attachment":[{"href":"https:\/\/vssmachinebouw.com\/fr\/wp-json\/wp\/v2\/media?parent=8213"}],"wp:term":[{"taxonomy":"folder","embeddable":true,"href":"https:\/\/vssmachinebouw.com\/fr\/wp-json\/wp\/v2\/folder?post=8213"}],"curies":[{"name":"wp","href":"https:\/\/api.w.org\/{rel}","templated":true}]}}